{"id":2289,"date":"2023-10-25T15:22:44","date_gmt":"2023-10-25T13:22:44","guid":{"rendered":"https:\/\/develop.genium.click\/canetbrewing\/kombucha-ginger\/"},"modified":"2023-12-01T11:33:05","modified_gmt":"2023-12-01T09:33:05","slug":"kombucha-ginger","status":"publish","type":"page","link":"https:\/\/canetdrinks.es\/ca\/kombucha-ginger\/","title":{"rendered":"Kombucha Ginger"},"content":{"rendered":"\n<div class=\"wp-block-columns product-info is-layout-flex wp-container-core-columns-is-layout-9d6595d7 wp-block-columns-is-layout-flex\" data-scroll-section=\"\">\n<div class=\"wp-block-column ficha-producte is-layout-flow wp-block-column-is-layout-flow\">\n<h1 class=\"wp-block-heading has-verd-color has-text-color\">Ginger<\/h1>\n\n\n\n<p class=\"has-large-font-size\">Kombucha<\/p>\n\n\n\n<p>Assaboreix la fusi\u00f3 picant i agredol\u00e7a del gingebre i la kombutxa amb la nostra Ginger Kombutxa. Elaborada amb ingredients naturals per obtenir l\u2019equilibri perfecte entre el sabor i el benefici per a la salut.<\/p>\n\n\n\n<div style=\"height:10px\" aria-hidden=\"true\" class=\"wp-block-spacer desktop\"><\/div>\n\n\n\n<p class=\"gazpacho desktop\"><strong>Formats<\/strong><\/p>\n\n\n\n<div class=\"wp-block-columns are-vertically-aligned-bottom formatos is-layout-flex wp-container-core-columns-is-layout-9d6595d7 wp-block-columns-is-layout-flex\">\n<div class=\"wp-block-column is-vertically-aligned-bottom active is-layout-flow wp-block-column-is-layout-flow\" style=\"flex-basis:33.34%\" id=\"model1\"><div class=\"wp-block-image hover\">\n<figure class=\"aligncenter size-full is-resized\"><img loading=\"lazy\" decoding=\"async\" width=\"52\" height=\"188\" src=\"https:\/\/canetdrinks.es\/wp-content\/uploads\/2023\/08\/bottle-active-ginger.png\" alt=\"\" class=\"wp-image-1617\" style=\"width:26px;height:94px\"\/><\/figure>\n<\/div>\n\n<div class=\"wp-block-image normal\">\n<figure class=\"aligncenter size-full is-resized\"><img loading=\"lazy\" decoding=\"async\" width=\"52\" height=\"188\" src=\"https:\/\/canetdrinks.es\/wp-content\/uploads\/2023\/07\/bottle-normal.png\" alt=\"\" class=\"wp-image-1332\" style=\"width:26px;height:94px\"\/><\/figure>\n<\/div>\n\n\n<p class=\"has-text-align-center\">33 cl<\/p>\n<\/div>\n\n\n\n<div class=\"wp-block-column is-vertically-aligned-bottom is-layout-flow wp-block-column-is-layout-flow\" style=\"flex-basis:33.33%\" id=\"model2\"><div class=\"wp-block-image hover\">\n<figure class=\"aligncenter size-full is-resized\"><img loading=\"lazy\" decoding=\"async\" width=\"60\" height=\"96\" src=\"https:\/\/canetdrinks.es\/wp-content\/uploads\/2023\/08\/lata-active-ginger.png\" alt=\"\" class=\"wp-image-1619\" style=\"width:30px;height:48px\"\/><\/figure>\n<\/div>\n\n<div class=\"wp-block-image normal\">\n<figure class=\"aligncenter size-large is-resized\"><img loading=\"lazy\" decoding=\"async\" width=\"60\" height=\"96\" src=\"https:\/\/canetdrinks.es\/wp-content\/uploads\/2023\/07\/Group-7.png\" alt=\"\" class=\"wp-image-1175\" style=\"width:30px;height:48px\"\/><\/figure>\n<\/div>\n\n\n<p class=\"has-text-align-center\">33 cl<\/p>\n<\/div>\n<\/div>\n<\/div>\n\n\n\n<div class=\"wp-block-column is-vertically-aligned-center is-layout-flow wp-block-column-is-layout-flow\"><div id=\"rendersize\" class=\"render-content\">\n\n    <div id=\"carregant\">\n        <p id=\"carregant-progress\"><\/p><img loading=\"lazy\" decoding=\"async\" width=\"386\" height=\"204\" src=\"https:\/\/canetdrinks.es\/wp-content\/uploads\/2023\/10\/logo-kombucha-ginger.png\" class=\"attachment-full size-full\" alt=\"\" srcset=\"https:\/\/canetdrinks.es\/wp-content\/uploads\/2023\/10\/logo-kombucha-ginger.png 386w, https:\/\/canetdrinks.es\/wp-content\/uploads\/2023\/10\/logo-kombucha-ginger-300x159.png 300w\" sizes=\"auto, (max-width: 386px) 100vw, 386px\" \/>    <\/div>\n    <div id=\"kombucha-ginger\"><\/div>\n\n    <script type=\"module\">\n \n        import * as THREE from 'https:\/\/canetdrinks.es\/wp-content\/themes\/genium-child\/threejs\/three.module.js';\n        import { OrbitControls } from 'https:\/\/canetdrinks.es\/wp-content\/themes\/genium-child\/threejs\/controls\/OrbitControls.js';\n        import { GLTFLoader } from 'https:\/\/canetdrinks.es\/wp-content\/themes\/genium-child\/threejs\/loaders\/GLTFLoader.js';\n        import { LoadingManager } from 'https:\/\/canetdrinks.es\/wp-content\/themes\/genium-child\/threejs\/loaders\/LoadingManager.js';\n\n        import { EffectComposer } from \"https:\/\/canetdrinks.es\/wp-content\/themes\/genium-child\/threejs\/postprocessing\/EffectComposer.js\";\n        import { RenderPass } from \"https:\/\/canetdrinks.es\/wp-content\/themes\/genium-child\/threejs\/postprocessing\/RenderPass.js\";\n        import { ShaderPass } from \"https:\/\/canetdrinks.es\/wp-content\/themes\/genium-child\/threejs\/postprocessing\/ShaderPass.js\";\n        import { UnrealBloomPass } from \"https:\/\/canetdrinks.es\/wp-content\/themes\/genium-child\/threejs\/postprocessing\/UnrealBloomPass.js\";\n        import { LuminosityHighPassShader } from \"https:\/\/canetdrinks.es\/wp-content\/themes\/genium-child\/threejs\/shaders\/LuminosityHighPassShader.js\";\n        import { CopyShader } from \"https:\/\/canetdrinks.es\/wp-content\/themes\/genium-child\/threejs\/shaders\/CopyShader.js\";\n\n        var controls, scene, renderer, stats, model1, model2, camera;\n\n        var model = 'kombucha-ginger';\n\n        const mouse = new THREE.Vector2();\n        const target = new THREE.Vector2();\n        const windowHalf = new THREE.Vector2( window.innerWidth \/ 2, window.innerHeight \/ 2 );\n\n        var axis = new THREE.Vector3( 1, 1, 0 ).normalize();\n\n        var manager = new LoadingManager();\n        manager.onStart = function ( url, itemsLoaded, itemsTotal ) {\n            \/\/ console.log( 'Started loading file: ' + url + '.\\nLoaded ' + itemsLoaded + ' of ' + itemsTotal + ' files.' );\n            document.getElementById(\"carregant-progress\").innerHTML = \"0%\";\n        };\n\n        manager.onLoad = function ( ) {\n            \/\/ console.log( 'Loading complete!');\n            document.getElementById(\"carregant-progress\").innerHTML = \"100%\";\n            document.getElementById(\"carregant\").classList.add(\"hide\");\n        };\n\n        manager.onProgress = function ( url, itemsLoaded, itemsTotal ) {\n            \/\/ console.log( 'Loading file: ' + url + '.\\nLoaded ' + itemsLoaded + ' of ' + itemsTotal + ' files.' );\n            var percentComplete = itemsLoaded \/ itemsTotal * 100;\n            \/\/ console.log( Math.round(percentComplete, 2) + '% downloaded' );\n            document.getElementById(\"carregant-progress\").innerHTML = Math.round(percentComplete, 2)+\"%\";\n        };\n        manager.onError = function ( url ) {\n            \/\/ console.log( 'There was an error loading ' + url );\n        };\n\n        init();\n        animate();\n\n        function init() {\n            \n            renderer = new THREE.WebGLRenderer({\n                RenderingContext: \"webgl\",\n                antialias: true,\n            });\n            renderer.setClearColor(0xffffff, 1);\n            renderer.setPixelRatio( window.devicePixelRatio );\n            renderer.setSize( window.innerWidth, window.innerHeight );\n            \n            var container = document.getElementById( 'kombucha-ginger' );\n            container.appendChild( renderer.domElement );\n\n            var aspect = 1\/2;\n            var width = document.getElementById('rendersize').offsetWidth;\n            var height = document.getElementById('rendersize').offsetHeight;\n\n            camera = new THREE.OrthographicCamera( width \/ - 2, width \/ 2, height \/ 2, height \/ - 2, 1, 1000 );\n            camera.position.x = 500;\n            camera.position.y = 100;\n            camera.rotation.z = 0;\n\n            scene = new THREE.Scene();\n\n            \/\/ const renderPass = new RenderPass(scene, camera);\n            \/\/ const bloomPass = new UnrealBloomPass( new THREE.Vector2(100, 100), 0.85, 0.5, 0.33 );\n\n            \/\/ const composer = new EffectComposer(renderer);\n            \/\/ composer.addPass(renderPass);\n            \/\/ composer.addPass(bloomPass);\n\n            const textureLoader = new THREE.TextureLoader();\n\n            \/\/ const normalMapTexture = textureLoader.load(\"https:\/\/canetdrinks.es\/wp-content\/themes\/genium-child\/threejs\/models\/textures\/normal.jpg\");\n            \/\/ normalMapTexture.wrapS = THREE.RepeatWrapping;\n            \/\/ normalMapTexture.wrapT = THREE.RepeatWrapping;\n            \/\/ normalMapTexture.repeat.set(15, 15);\n\n\n            \/\/llum frontal esquerra\n            const light1 = new THREE.DirectionalLight(0xdddddd, .5);\n            light1.position.set(-20, -70, 300);\n            scene.add(light1);\n\n            \/\/llum frontal dreta\n            const light2 = new THREE.DirectionalLight(0xdddddd, .3);\n            light2.position.set(100, -15, -50);\n            scene.add(light2);\n\n            \/\/lum inferior\n            const light4 = new THREE.DirectionalLight(0xdddddd, .3);\n            light4.position.set(20, -650, -300);\n            scene.add(light4);\n\n            \/\/lum superior2\n            const light5 = new THREE.DirectionalLight(0xdddddd, .3);\n            light5.position.set(10, 320, -100);\n            scene.add(light5);\n\n            \/\/ambient\n            const lighta = new THREE.AmbientLight( 0xdddddd, .6);\n            scene.add( lighta );\n\n            \/\/lum diagonal\n            const light3 = new THREE.DirectionalLight(0xdddddd, .3);\n            light3.position.set(0, 20, 20);\n            scene.add(light3);\n\n\n            const materialVidre = new THREE.MeshPhysicalMaterial({\n                transmission: .8,\n                thickness: 2.5,\n                roughness: 0.25,\n            });\n\n            const materialVidre2 = new THREE.MeshPhysicalMaterial({\n                transmission: .8,\n                thickness: 1.5,\n                roughness: 0.1,\n            });\n\n            const materialLiquid = new THREE.MeshPhysicalMaterial({\n                roughness: 0.4,   \n                transmission: 1,\n                thickness: 4,\n            });\n\n            var colorGinger = 0xfffae8;\n            var colorMango = 0xfff1c6;\n            var colorGrapefruit = 0xf0cacd;\n            var color;\n\n            if(model == 'kombucha-ginger'){\n                color = colorGinger;\n            }\n            else if(model == 'kombucha-mango'){\n                color = colorMango;\n            }\n            else if(model == 'kombucha-grapefruit'){\n                color = colorGrapefruit;\n            }\n\n            var loader = new GLTFLoader(manager ).setPath( 'https:\/\/canetdrinks.es\/wp-content\/themes\/genium-child\/threejs\/models\/' );\n            loader.load( model+'-ampolla.gltf', function ( gltf ) {\n                model1 = gltf.scene;\n                var scale = 172.5;\n                if(window.innerWidth < 781){\n                    scale = 130;\n                }\n                model1.scale.set(scale,scale,scale);\n\n                model1.traverse( child => {\n                    if ( child.name === 'ampolla'){\n                        child.material = materialVidre;\n                        child.material.color.setHex(color);\n                    } \n                    if ( child.name === 'ampolla-top'){\n                        child.material.color.setHex(color);\n                        child.material = materialVidre2;\n                    } \n                    if ( child.name === 'liquid-top'){\n                        child.material.color.setHex(color);\n                        child.material.metalness = .01;\n                    } \n                    if ( child.name === 'liquid'){\n                        child.material = materialLiquid;\n                    } \n                } );\n\n                model1.position.y -= 280;\n                if(window.innerWidth < 781){\n                    model1.position.y += 50;\n                }\n\n                loader.load( model+'-llauna33.gltf', function ( gltf ) {\n                    model2 = gltf.scene;\n                    var scale = 32.25;\n                    if(window.innerWidth < 781){\n                        scale = 25;\n                    }\n                    model2.scale.set(scale,scale,scale);\n\n                    model2.traverse( child => {\n                        \/\/ console.log('material: '+child.name);\n                        if (child.name  === 'Corpo'){\n                            child.material.metalness = .35;\n                        } \n                        if (child.name  === 'Anel1' || child.name  === 'Anel2' || child.name  === 'Base' || child.name  === 'Tampa' || child.name  === 'Pino' || child.name  === 'Tampa2' || child.name  === 'Tampa3'){\n                            child.material.metalness = .35;\n                        } \n                    } );\n\n                    model2.position.y -= 200;\n                    if(window.innerWidth < 781){\n                        model2.position.y += 50;\n                    }\n\n                    scene.add( model2 );\n                    scene.add( model1 );\n                    render();\n\n                } );\n            } );\n\n            window.addEventListener( 'resize', onWindowResize, false );\n            document.addEventListener( 'mousemove', onMouseMove, false );\n            \n            createControls( camera );\n        }\n\n        function createControls( camera ) {\n            controls = new OrbitControls( camera, renderer.domElement );\n            controls.enableZoom = true;\n            controls.maxZoom = 2.5;\n            controls.minZoom = 1;\n            \/\/ controls.autoRotate = true;\n        }\n\n        function onWindowResize() {\n            var aspect = 1\/2;\n            camera.aspect = aspect;\n            camera.updateProjectionMatrix();\n            renderer.setSize( window.innerWidth, window.innerHeight );\n            \/\/ controls.handleResize();\n        }\n\n\n        function onMouseMove( event ) {\n            mouse.x = ( event.clientX - windowHalf.x );\n            \/\/ mouse.y = ( event.clientY - windowHalf.y );\n        }\n\n        var elem1 = document.getElementById( 'model1' );\n        var elem2 = document.getElementById( 'model2' );\n\n        \/\/ if (elem1.classList.contains('active')){\n        \/\/     model1.opactiy = 1;\n        \/\/ }   \n\n        function animate() {\n            requestAnimationFrame( animate );\n\n            controls.update();\n\n            if( elem1 && model1){\n                if(elem1.classList.contains('active') && model1.visible == false ){\n                    model1.visible = true;\n                    controls.reset();\n                    mouse.x = 0;\n                }\n                else if(!elem1.classList.contains('active') && model1.visible == true){\n                    model1.visible = false;\n                }\n            }   \n            if( elem2 && model2){\n                if(elem2.classList.contains('active') && model2.visible == false ){\n                    model2.visible = true;\n                    controls.reset();\n                    mouse.x = 0;\n                }\n                else if(!elem2.classList.contains('active') && model2.visible == true){\n                    model2.visible = false;\n                }\n            }\n\n            if (model1){\n                target.x = ( 1 - mouse.x ) * -0.005;\n                model1.rotation.y += (0.05 * ( target.x - model1.rotation.y )) + .317;\n            } \n\n            if (model2){\n                target.x = ( 1 - mouse.x ) * -0.005;\n                model2.rotation.y += (0.05 * ( target.x - model2.rotation.y )) + .352;\n            } \n\n            render();\n        }\n\n        function render() {\n            renderer.render( scene, camera );\n        }\n\n    <\/script>\n<\/div>\n<\/div>\n<\/div>\n\n<div class=\"wp-block-group ginger-background full-width has-verd-background-color has-background\" data-scroll-section=\"\"><div class=\"wp-block-group__inner-container is-layout-constrained wp-block-group-is-layout-constrained\">\n<div style=\"height:24px\" aria-hidden=\"true\" class=\"wp-block-spacer\"><\/div>\n\n\n\n<div class=\"wp-block-columns are-vertically-aligned-center max-width columna-dades is-layout-flex wp-container-core-columns-is-layout-9d6595d7 wp-block-columns-is-layout-flex\">\n<div class=\"wp-block-column is-vertically-aligned-center is-layout-flow wp-block-column-is-layout-flow\">\n<figure class=\"wp-block-image size-full\"><img loading=\"lazy\" decoding=\"async\" width=\"1200\" height=\"1800\" src=\"https:\/\/canetdrinks.es\/wp-content\/uploads\/2023\/09\/ginger.jpg\" alt=\"\" class=\"wp-image-1736\" srcset=\"https:\/\/canetdrinks.es\/wp-content\/uploads\/2023\/09\/ginger.jpg 1200w, https:\/\/canetdrinks.es\/wp-content\/uploads\/2023\/09\/ginger-200x300.jpg 200w, https:\/\/canetdrinks.es\/wp-content\/uploads\/2023\/09\/ginger-683x1024.jpg 683w, https:\/\/canetdrinks.es\/wp-content\/uploads\/2023\/09\/ginger-768x1152.jpg 768w, https:\/\/canetdrinks.es\/wp-content\/uploads\/2023\/09\/ginger-1024x1536.jpg 1024w\" sizes=\"auto, (max-width: 1200px) 100vw, 1200px\" \/><\/figure>\n<\/div>\n\n\n\n<div class=\"wp-block-column is-vertically-aligned-center is-layout-flow wp-block-column-is-layout-flow\">\n<p class=\"has-white-color has-text-color has-large-font-size\"><strong>Gaudeix del sabor vibrant del gingebre i els beneficis nutritius de la kombutxa amb Canet Ginger Kombutxa. <\/strong><\/p>\n\n\n\n<div style=\"height:10px\" aria-hidden=\"true\" class=\"wp-block-spacer\"><\/div>\n\n\n\n<p class=\"has-white-color has-text-color has-large-font-size\"><strong>Una opci\u00f3 ideal per revitalitzar-te durant qualsevol moment del dia, aportant una sensaci\u00f3 d&#8217;energia i benestar.<\/strong><\/p>\n<\/div>\n<\/div>\n\n\n\n<div class=\"wp-block-columns are-vertically-aligned-top max-width columna-dades is-layout-flex wp-container-core-columns-is-layout-9d6595d7 wp-block-columns-is-layout-flex\">\n<div class=\"wp-block-column is-vertically-aligned-top is-layout-flow wp-block-column-is-layout-flow\">\n<p class=\"gazpacho has-white-color has-text-color\"><strong>Notes de tast<\/strong><\/p>\n\n\n\n<p class=\"has-white-color has-text-color\">Esp\u00e8cies picants de gingebre, dol\u00e7or subtil i un final agredol\u00e7. L&#8217;efervesc\u00e8ncia afegeix un espurneig viva\u00e7 al paladar mentre que la calor del gingebre perdura en un gust agradable.<\/p>\n\n\n\n<div style=\"height:15px\" aria-hidden=\"true\" class=\"wp-block-spacer\"><\/div>\n\n\n\n<p class=\"gazpacho has-white-color has-text-color\"><strong>Suggeriments de maridatge<\/strong><\/p>\n\n\n\n<p class=\"has-white-color has-text-color\">Combina excepcionalment b\u00e9 amb plats asi\u00e0tics com el sushi, els saltats i els bols de fideus. El seu sabor picant i la seva efervesc\u00e8ncia tamb\u00e9 complementen aliments rics i saborosos com carns a la graella, verdures rostides i amanides contundents.<\/p>\n\n\n\n<div style=\"height:16px\" aria-hidden=\"true\" class=\"wp-block-spacer\"><\/div>\n\n\n\n<p class=\"gazpacho has-white-color has-text-color\"><strong>Temperatura de servei<\/strong><\/p>\n\n\n\n<p class=\"has-white-color has-text-color\">Serveix-la freda entre 4-7 \u00b0C per maximitzar el seu sabor refrescant i agradable efervescent.<\/p>\n<\/div>\n\n\n\n<div class=\"wp-block-column is-vertically-aligned-top is-layout-flow wp-block-column-is-layout-flow\">\n<p class=\"gazpacho has-white-color has-text-color\"><strong>Ingredients<\/strong><\/p>\n\n\n\n<ul class=\"basic has-white-color has-text-color wp-block-list\">\n<li>Aigua filtrada <\/li>\n\n\n\n<li>Kombutxa pasteuritzada <\/li>\n\n\n\n<li>Sucre de canya <\/li>\n\n\n\n<li>Extracte de gingebre <\/li>\n\n\n\n<li>Sabors naturals<\/li>\n<\/ul>\n\n\n\n<div style=\"height:16px\" aria-hidden=\"true\" class=\"wp-block-spacer\"><\/div>\n\n\n\n<p class=\"gazpacho has-white-color has-text-color\"><strong>Com la fem<\/strong><\/p>\n\n\n\n<p class=\"has-white-color has-text-color\">La nostra Ginger Kombutxa comen\u00e7a amb un 15% de concentrat de kombutxa pasteuritzat que conserva tots els compostos prebi\u00f2tics del proc\u00e9s de fermentaci\u00f3. Despr\u00e9s afegim extracte de gingebre, sucre de canya i altres sabors naturals. En utilitzar concentrat de kombutxa pasteuritzat, evitem una fermentaci\u00f3 addicional i mantenim el delici\u00f3s sabor del gingebre al nostre producte. Aix\u00f2 tamb\u00e9 permet que no hi hagi necessitat de mantenir el producte refrigerat, nom\u00e9s fins unes hores abans del consum.<\/p>\n<\/div>\n<\/div>\n\n\n\n<div style=\"height:50px\" aria-hidden=\"true\" class=\"wp-block-spacer\"><\/div>\n\n\n\n<figure class=\"wp-block-image size-full full-width\"><img loading=\"lazy\" decoding=\"async\" width=\"1800\" height=\"884\" src=\"https:\/\/canetdrinks.es\/wp-content\/uploads\/2023\/09\/ginger-horitzontal.jpg\" alt=\"\" class=\"wp-image-1733\" srcset=\"https:\/\/canetdrinks.es\/wp-content\/uploads\/2023\/09\/ginger-horitzontal.jpg 1800w, https:\/\/canetdrinks.es\/wp-content\/uploads\/2023\/09\/ginger-horitzontal-300x147.jpg 300w, https:\/\/canetdrinks.es\/wp-content\/uploads\/2023\/09\/ginger-horitzontal-1024x503.jpg 1024w, https:\/\/canetdrinks.es\/wp-content\/uploads\/2023\/09\/ginger-horitzontal-768x377.jpg 768w, https:\/\/canetdrinks.es\/wp-content\/uploads\/2023\/09\/ginger-horitzontal-1536x754.jpg 1536w\" sizes=\"auto, (max-width: 1800px) 100vw, 1800px\" \/><\/figure>\n<\/div><\/div>\n\n<div class=\"wp-block-group\" data-scroll-section=\"\"><div class=\"wp-block-group__inner-container is-layout-constrained wp-block-group-is-layout-constrained\">\n<div style=\"height:100px\" aria-hidden=\"true\" class=\"wp-block-spacer\"><\/div>\n\n\n\n<div class=\"wp-block-columns separator hover-image is-layout-flex wp-container-core-columns-is-layout-9d6595d7 wp-block-columns-is-layout-flex\">\n<div class=\"wp-block-column is-vertically-aligned-center is-layout-flow wp-block-column-is-layout-flow\">\n<p class=\"has-text-color has-medium-font-size\" style=\"color:#df5858\">Canet Grapefruit Kombutxa \u00e9s una beguda baixa en sucre capa\u00e7 d\u2019adaptar-se a qualsevol situaci\u00f3 del teu dia a dia. Deixa que l&#8217;ess\u00e8ncia agredol\u00e7a i arom\u00e0tica del Pomelo transporti el teu paladar a un oasi ple de vida, sol i fruita fresca. <\/p>\n<\/div>\n\n\n\n<div class=\"wp-block-column no-border is-layout-flow wp-block-column-is-layout-flow\"><div class=\"wp-block-image\">\n<figure class=\"aligncenter size-large is-resized\"><a href=\"https:\/\/canetdrinks.es\/kombucha-grapefruit\/\"><img loading=\"lazy\" decoding=\"async\" src=\"https:\/\/canetdrinks.es\/wp-content\/uploads\/2023\/07\/kombucha-ginger-2-copy-264x1024.jpg\" alt=\"\" class=\"wp-image-1079\" width=\"132\" height=\"512\" srcset=\"https:\/\/canetdrinks.es\/wp-content\/uploads\/2023\/07\/kombucha-ginger-2-copy-264x1024.jpg 264w, https:\/\/canetdrinks.es\/wp-content\/uploads\/2023\/07\/kombucha-ginger-2-copy-77x300.jpg 77w, https:\/\/canetdrinks.es\/wp-content\/uploads\/2023\/07\/kombucha-ginger-2-copy.jpg 282w\" sizes=\"auto, (max-width: 132px) 100vw, 132px\" \/><\/a><\/figure>\n<\/div>\n\n\n<div style=\"height:10px\" aria-hidden=\"true\" class=\"wp-block-spacer\"><\/div>\n\n\n\n<p class=\"has-text-align-center has-text-color has-large-font-size\" style=\"color:#df5858\"><strong><a href=\"https:\/\/canetdrinks.es\/kombucha-grapefruit\/\">Grapefruit<\/a><\/strong><\/p>\n<\/div>\n\n\n\n<div class=\"wp-block-column is-layout-flow wp-block-column-is-layout-flow\"><div class=\"wp-block-image\">\n<figure class=\"aligncenter size-large is-resized\"><a href=\"https:\/\/canetdrinks.es\/kombucha-mango\/\"><img loading=\"lazy\" decoding=\"async\" src=\"https:\/\/canetdrinks.es\/wp-content\/uploads\/2023\/07\/kombucha-ginger-2-copy-2-264x1024.jpg\" alt=\"\" class=\"wp-image-1080\" width=\"132\" height=\"512\" srcset=\"https:\/\/canetdrinks.es\/wp-content\/uploads\/2023\/07\/kombucha-ginger-2-copy-2-264x1024.jpg 264w, https:\/\/canetdrinks.es\/wp-content\/uploads\/2023\/07\/kombucha-ginger-2-copy-2-77x300.jpg 77w, https:\/\/canetdrinks.es\/wp-content\/uploads\/2023\/07\/kombucha-ginger-2-copy-2.jpg 282w\" sizes=\"auto, (max-width: 132px) 100vw, 132px\" \/><\/a><\/figure>\n<\/div>\n\n\n<div style=\"height:10px\" aria-hidden=\"true\" class=\"wp-block-spacer\"><\/div>\n\n\n\n<p class=\"has-text-align-center has-taronja-color has-text-color has-large-font-size\"><strong><a href=\"https:\/\/canetdrinks.es\/kombucha-mango\/\">Mango<\/a><\/strong><\/p>\n<\/div>\n<\/div>\n\n\n\n<div style=\"height:100px\" aria-hidden=\"true\" class=\"wp-block-spacer\"><\/div>\n<\/div><\/div>\n\n<div class=\"wp-block-group hover-bottle\" data-scroll-section=\"\"><div class=\"wp-block-group__inner-container is-layout-constrained wp-block-group-is-layout-constrained\">\n<p class=\"has-text-align-center link-arrow has-taronja-color has-text-color has-x-large-font-size\"><strong><a href=\"https:\/\/canetdrinks.es\/ca\/beers\/\"><img loading=\"lazy\" decoding=\"async\" width=\"150\" height=\"131\" class=\"wp-image-1090\" style=\"width: 150px;\" src=\"https:\/\/canetdrinks.es\/wp-content\/uploads\/2023\/07\/arrow-orange.png\" alt=\"\"\/>Beers<\/a><\/strong><\/p>\n\n\n<div class=\"wp-block-image\">\n<figure class=\"aligncenter size-full is-resized\"><img loading=\"lazy\" decoding=\"async\" width=\"278\" height=\"852\" src=\"https:\/\/canetdrinks.es\/wp-content\/uploads\/2023\/07\/beertilted.jpg\" alt=\"\" class=\"wp-image-1093\" style=\"width:139px;height:426px\" srcset=\"https:\/\/canetdrinks.es\/wp-content\/uploads\/2023\/07\/beertilted.jpg 278w, https:\/\/canetdrinks.es\/wp-content\/uploads\/2023\/07\/beertilted-98x300.jpg 98w\" sizes=\"auto, (max-width: 278px) 100vw, 278px\" \/><\/figure>\n<\/div><\/div><\/div>\n","protected":false},"excerpt":{"rendered":"<p>Ginger Kombucha Assaboreix la fusi\u00f3 picant i agredol\u00e7a del gingebre i la kombutxa amb la nostra Ginger Kombutxa. Elaborada amb ingredients naturals per obtenir l\u2019equilibri perfecte entre el sabor i [&hellip;]<\/p>\n","protected":false},"author":1,"featured_media":0,"parent":0,"menu_order":0,"comment_status":"closed","ping_status":"closed","template":"template-kombucha.php","meta":{"footnotes":""},"class_list":["post-2289","page","type-page","status-publish","hentry"],"_links":{"self":[{"href":"https:\/\/canetdrinks.es\/ca\/wp-json\/wp\/v2\/pages\/2289","targetHints":{"allow":["GET"]}}],"collection":[{"href":"https:\/\/canetdrinks.es\/ca\/wp-json\/wp\/v2\/pages"}],"about":[{"href":"https:\/\/canetdrinks.es\/ca\/wp-json\/wp\/v2\/types\/page"}],"author":[{"embeddable":true,"href":"https:\/\/canetdrinks.es\/ca\/wp-json\/wp\/v2\/users\/1"}],"replies":[{"embeddable":true,"href":"https:\/\/canetdrinks.es\/ca\/wp-json\/wp\/v2\/comments?post=2289"}],"version-history":[{"count":2,"href":"https:\/\/canetdrinks.es\/ca\/wp-json\/wp\/v2\/pages\/2289\/revisions"}],"predecessor-version":[{"id":2386,"href":"https:\/\/canetdrinks.es\/ca\/wp-json\/wp\/v2\/pages\/2289\/revisions\/2386"}],"wp:attachment":[{"href":"https:\/\/canetdrinks.es\/ca\/wp-json\/wp\/v2\/media?parent=2289"}],"curies":[{"name":"wp","href":"https:\/\/api.w.org\/{rel}","templated":true}]}}