{"id":2226,"date":"2023-10-25T14:25:36","date_gmt":"2023-10-25T12:25:36","guid":{"rendered":"https:\/\/develop.genium.click\/canetbrewing\/about-us\/"},"modified":"2023-12-04T13:49:43","modified_gmt":"2023-12-04T11:49:43","slug":"about-us","status":"publish","type":"page","link":"https:\/\/canetdrinks.es\/ca\/about-us\/","title":{"rendered":"About us"},"content":{"rendered":"\n<div class=\"wp-block-group home-img-background multi-video full-width\" data-scroll-section=\"\"><div class=\"wp-block-group__inner-container is-layout-flow wp-block-group-is-layout-flow\">\n<div class=\"wp-block-group video\"><div class=\"wp-block-group__inner-container is-layout-constrained wp-block-group-is-layout-constrained\"><div class=\"wp-block-image is-resized playvideo desktop playvideo1\">\n<figure class=\"aligncenter size-full\" id=\"playvideo1\"><img loading=\"lazy\" decoding=\"async\" width=\"290\" height=\"418\" src=\"https:\/\/canetdrinks.es\/wp-content\/uploads\/2023\/07\/play-icon.png\" alt=\"\" class=\"wp-image-1062\" style=\"width:145px\" srcset=\"https:\/\/canetdrinks.es\/wp-content\/uploads\/2023\/07\/play-icon.png 290w, https:\/\/canetdrinks.es\/wp-content\/uploads\/2023\/07\/play-icon-208x300.png 208w\" sizes=\"auto, (max-width: 290px) 100vw, 290px\" \/><\/figure>\n<\/div>\n\n\n<figure class=\"wp-block-video background-image\"><video loop=\"\" src=\"https:\/\/player.vimeo.com\/progressive_redirect\/playback\/867118289\/rendition\/1080p\/file.mp4?loc=external&amp;log_user=0&amp;signature=2fcf090fe53982029d6566818fed867edc26ee707346464c774a27aa4586d15f\"><\/video><\/figure>\n<\/div><\/div>\n\n\n\n<div class=\"wp-block-group video\"><div class=\"wp-block-group__inner-container is-layout-constrained wp-block-group-is-layout-constrained\"><div class=\"wp-block-image is-resized playvideo desktop\">\n<figure class=\"aligncenter size-full\" id=\"playvideo2\"><img loading=\"lazy\" decoding=\"async\" width=\"290\" height=\"418\" src=\"https:\/\/canetdrinks.es\/wp-content\/uploads\/2023\/07\/play-icon.png\" alt=\"\" class=\"wp-image-1062\" style=\"width:145px\" srcset=\"https:\/\/canetdrinks.es\/wp-content\/uploads\/2023\/07\/play-icon.png 290w, https:\/\/canetdrinks.es\/wp-content\/uploads\/2023\/07\/play-icon-208x300.png 208w\" sizes=\"auto, (max-width: 290px) 100vw, 290px\" \/><\/figure>\n<\/div>\n\n\n<figure class=\"wp-block-video background-image\"><video loop=\"\" src=\"https:\/\/player.vimeo.com\/progressive_redirect\/playback\/867118555\/rendition\/1080p\/file.mp4?loc=external&amp;log_user=0&amp;signature=d512af47a2d6a08c4e07d82514f4b2f337ad97679e1b412f829bb49fcd5487dc\"><\/video><\/figure>\n<\/div><\/div>\n\n\n\n<div class=\"wp-block-group video\"><div class=\"wp-block-group__inner-container is-layout-constrained wp-block-group-is-layout-constrained\"><div class=\"wp-block-image is-resized playvideo desktop\">\n<figure class=\"aligncenter size-full\" id=\"playvideo3\"><img loading=\"lazy\" decoding=\"async\" width=\"290\" height=\"418\" src=\"https:\/\/canetdrinks.es\/wp-content\/uploads\/2023\/07\/play-icon.png\" alt=\"\" class=\"wp-image-1062\" style=\"width:145px\" srcset=\"https:\/\/canetdrinks.es\/wp-content\/uploads\/2023\/07\/play-icon.png 290w, https:\/\/canetdrinks.es\/wp-content\/uploads\/2023\/07\/play-icon-208x300.png 208w\" sizes=\"auto, (max-width: 290px) 100vw, 290px\" \/><\/figure>\n<\/div>\n\n\n<figure class=\"wp-block-video background-image\"><video loop=\"\" src=\"https:\/\/player.vimeo.com\/progressive_redirect\/playback\/867119207\/rendition\/1080p\/file.mp4?loc=external&amp;log_user=0&amp;signature=a2c1c0eff553619a66eae00b168694ece8b6664a2712925f94c31322525eb5fb\"><\/video><\/figure>\n<\/div><\/div>\n<\/div><\/div>\n\n<div class=\"wp-block-group\" data-scroll-section=\"\"><div class=\"wp-block-group__inner-container is-layout-constrained wp-block-group-is-layout-constrained\">\n<div style=\"height:70px\" aria-hidden=\"true\" class=\"wp-block-spacer desktop\"><\/div>\n\n\n\n<div class=\"wp-block-columns are-vertically-aligned-center max-width-narrow is-layout-flex wp-container-core-columns-is-layout-9d6595d7 wp-block-columns-is-layout-flex\">\n<div class=\"wp-block-column is-vertically-aligned-center is-layout-flow wp-block-column-is-layout-flow\" style=\"flex-basis:33.33%\">\n<figure class=\"wp-block-image size-full is-resized\"><img loading=\"lazy\" decoding=\"async\" width=\"390\" height=\"374\" src=\"https:\/\/canetdrinks.es\/wp-content\/uploads\/2023\/07\/canet-barcelona.png\" alt=\"\" class=\"wp-image-1037\" style=\"width:195px;height:187px\" srcset=\"https:\/\/canetdrinks.es\/wp-content\/uploads\/2023\/07\/canet-barcelona.png 390w, https:\/\/canetdrinks.es\/wp-content\/uploads\/2023\/07\/canet-barcelona-300x288.png 300w\" sizes=\"auto, (max-width: 390px) 100vw, 390px\" \/><\/figure>\n<\/div>\n\n\n\n<div class=\"wp-block-column is-vertically-aligned-center is-layout-flow wp-block-column-is-layout-flow\" style=\"flex-basis:66.66%\">\n<p class=\"has-medium-font-size\"><strong>Canet<\/strong> \u00e9s una empresa dedicada a la producci\u00f3 i distribuci\u00f3 de begudes fermentades de la m\u00e9s alta qualitat.<\/p>\n<\/div>\n<\/div>\n\n\n\n<div style=\"height:23px\" aria-hidden=\"true\" class=\"wp-block-spacer\"><\/div>\n\n\n\n<div class=\"wp-block-columns is-layout-flex wp-container-core-columns-is-layout-9d6595d7 wp-block-columns-is-layout-flex\">\n<div class=\"wp-block-column is-layout-flow wp-block-column-is-layout-flow\">\n<figure class=\"wp-block-image size-large\"><img loading=\"lazy\" decoding=\"async\" width=\"684\" height=\"1024\" src=\"https:\/\/canetdrinks.es\/wp-content\/uploads\/2023\/07\/about-us-beer-684x1024.jpg\" alt=\"\" class=\"wp-image-1038\" srcset=\"https:\/\/canetdrinks.es\/wp-content\/uploads\/2023\/07\/about-us-beer-684x1024.jpg 684w, https:\/\/canetdrinks.es\/wp-content\/uploads\/2023\/07\/about-us-beer-200x300.jpg 200w, https:\/\/canetdrinks.es\/wp-content\/uploads\/2023\/07\/about-us-beer-768x1150.jpg 768w, https:\/\/canetdrinks.es\/wp-content\/uploads\/2023\/07\/about-us-beer.jpg 1002w\" sizes=\"auto, (max-width: 684px) 100vw, 684px\" \/><\/figure>\n<\/div>\n\n\n\n<div class=\"wp-block-column is-layout-flow wp-block-column-is-layout-flow\">\n<p class=\"has-medium-font-size\">El nostre prop\u00f2sit \u00e9s enriquir la vida de les persones oferint sabors \u00fanics, promovent el benestar i inspirant connexions socials.<\/p>\n\n\n\n<div style=\"height:10px\" aria-hidden=\"true\" class=\"wp-block-spacer\"><\/div>\n\n\n\n<ul class=\"groc gazpacho wp-block-list\">\n<li>Mantenir-nos fidels als nostres valors fonamentals: diversitat, inclusivitat, naturalitat, ambici\u00f3, consci\u00e8ncia social, innovaci\u00f3, excel\u00b7l\u00e8ncia, optimisme i companyerisme. Aquests valors guien totes les nostres decisions i accions.<\/li>\n\n\n\n<li>Produir begudes de la m\u00e9s alta qualitat utilitzant ingredients naturals i sense artificis, seguint pr\u00e0ctiques sostenibles i \u00e8tiques a la nostra producci\u00f3 i cadena de subministrament.<\/li>\n\n\n\n<li>Innovar constantment per oferir productes nous i emocionants que satisfacin les necessitats canviants dels nostres consumidors.<\/li>\n\n\n\n<li>Construir i mantenir relacions s\u00f2lides amb els nostres clients, assegurant una pres\u00e8ncia s\u00f2lida al mercat i un creixement constant.<\/li>\n\n\n\n<li>Contribuir activament al desenvolupament de la societat, donant suport a negocis locals, i promovent activitats culturals i educatives, en l\u00ednia amb el nostre comprom\u00eds amb la consci\u00e8ncia social.<\/li>\n<\/ul>\n<\/div>\n<\/div>\n\n\n\n<div style=\"height:47px\" aria-hidden=\"true\" class=\"wp-block-spacer\"><\/div>\n\n\n\n<p class=\"has-text-align-center max-width-narrow has-medium-font-size\">Amb aquests esfor\u00e7os aspirem a convertir-nos en una marca reconeguda, sin\u00f2nim de qualitat, diversitat i sostenibilitat a la ind\u00fastria de les begudes fermentades.<\/p>\n\n\n\n<div style=\"height:47px\" aria-hidden=\"true\" class=\"wp-block-spacer\"><\/div>\n\n\n\n<div class=\"wp-block-columns is-layout-flex wp-container-core-columns-is-layout-9d6595d7 wp-block-columns-is-layout-flex\">\n<div class=\"wp-block-column is-layout-flow wp-block-column-is-layout-flow\">\n<h2 class=\"wp-block-heading\">Missi\u00f3<\/h2>\n\n\n\n<p class=\"gazpacho\">El nostre objectiu m\u00e9s gran \u00e9s ser sin\u00f2nim de qualitat, diversitat i sostenibilitat en la ind\u00fastria de les begudes fermentades.<\/p>\n\n\n\n<p class=\"gazpacho\">Ens dediquem a utilitzar ingredients naturals, pr\u00e0ctiques sostenibles i innovaci\u00f3 continuada per garantir els m\u00e9s alts est\u00e0ndards en tots els nostres productes.<\/p>\n<\/div>\n\n\n\n<div class=\"wp-block-column is-layout-flow wp-block-column-is-layout-flow\">\n<h2 class=\"wp-block-heading has-taronja-color has-text-color\">Visi\u00f3<\/h2>\n\n\n\n<p class=\"gazpacho\">Elaborar begudes fermentades innovadores que elevin experi\u00e8ncies, fomentin connexions socials i promoguin un estil de vida saludable per als nostres clients.<\/p>\n\n\n\n<p class=\"gazpacho\">Imaginem un futur en qu\u00e8 els nostres productes uneixin les persones i generin converses, contribuint a un planeta m\u00e9s saludable i a comunitats m\u00e9s fortes.<\/p>\n<\/div>\n<\/div>\n\n\n\n<div style=\"height:41px\" aria-hidden=\"true\" class=\"wp-block-spacer\"><\/div>\n\n\n\n<div class=\"wp-block-group video\"><div class=\"wp-block-group__inner-container is-layout-constrained wp-block-group-is-layout-constrained\"><div class=\"wp-block-image playvideo\">\n<figure class=\"aligncenter size-full is-resized\" id=\"playvideo\"><img loading=\"lazy\" decoding=\"async\" width=\"290\" height=\"418\" src=\"https:\/\/canetdrinks.es\/wp-content\/uploads\/2023\/07\/play-icon.png\" alt=\"\" class=\"wp-image-1062\" style=\"width:145px;height:209px\" srcset=\"https:\/\/canetdrinks.es\/wp-content\/uploads\/2023\/07\/play-icon.png 290w, https:\/\/canetdrinks.es\/wp-content\/uploads\/2023\/07\/play-icon-208x300.png 208w\" sizes=\"auto, (max-width: 290px) 100vw, 290px\" \/><\/figure>\n<\/div>\n\n\n<figure class=\"wp-block-video\"><video loop=\"\" src=\"https:\/\/player.vimeo.com\/progressive_redirect\/playback\/867109834\/rendition\/1080p\/file.mp4?loc=external&amp;log_user=0&amp;signature=c451f0f45db4a629166bf359c5c09f04235c7c909bef88bb17ed404396d8c008\"><\/video><\/figure>\n<\/div><\/div>\n\n\n\n<div style=\"height:27px\" aria-hidden=\"true\" class=\"wp-block-spacer\"><\/div>\n\n\n\n<h2 class=\"wp-block-heading has-verd-color has-text-color\">Valors<\/h2>\n\n\n\n<div class=\"wp-block-columns is-layout-flex wp-container-core-columns-is-layout-9d6595d7 wp-block-columns-is-layout-flex\">\n<div class=\"wp-block-column is-layout-flow wp-block-column-is-layout-flow\">\n<h3 class=\"wp-block-heading\">Diversitat<\/h3>\n\n\n\n<p class=\"gazpacho\">Ampliem i enriquim les opcions de begudes artesanals, oferint una varietat \u00fanica i diversa.<\/p>\n<\/div>\n\n\n\n<div class=\"wp-block-column is-layout-flow wp-block-column-is-layout-flow\">\n<h3 class=\"wp-block-heading has-groc-color has-text-color\">Inclusivitat<\/h3>\n\n\n\n<p class=\"gazpacho\">Treballem per ser un espai obert i integrador per a tothom, fomentant la col\u00b7laboraci\u00f3 i intercanvi entre persones de diferents edats, races i orientacions sexuals.<\/p>\n<\/div>\n\n\n\n<div class=\"wp-block-column is-layout-flow wp-block-column-is-layout-flow\">\n<h3 class=\"wp-block-heading has-rosa-color has-text-color\">Naturalitat<\/h3>\n\n\n\n<p class=\"gazpacho\">Utilitzem ingredients naturals i sense artificis, tot adoptant una actitud aut\u00e8ntica cap a la vida i la nostra relaci\u00f3 amb l&#8217;entorn.<\/p>\n<\/div>\n<\/div>\n\n\n\n<div class=\"wp-block-columns is-layout-flex wp-container-core-columns-is-layout-9d6595d7 wp-block-columns-is-layout-flex\">\n<div class=\"wp-block-column is-layout-flow wp-block-column-is-layout-flow\">\n<h3 class=\"wp-block-heading has-rosa-color has-text-color\">Ambici\u00f3<\/h3>\n\n\n\n<p class=\"gazpacho\">Canet \u00e9s una empresa amb aspiracions elevades que busca no nom\u00e9s fer productes de qualitat, sin\u00f3 tamb\u00e9 revolucionar tota una ind\u00fastria.<\/p>\n<\/div>\n\n\n\n<div class=\"wp-block-column is-layout-flow wp-block-column-is-layout-flow\">\n<h3 class=\"wp-block-heading\">Consci\u00e8ncia social<\/h3>\n\n\n\n<p class=\"gazpacho\">Ens comprometem a contribuir activament al desenvolupament de la societat en qu\u00e8 ens trobem, donant suport a negocis locals i promovent activitats socials.<\/p>\n<\/div>\n\n\n\n<div class=\"wp-block-column is-layout-flow wp-block-column-is-layout-flow\">\n<h3 class=\"wp-block-heading has-groc-color has-text-color\">Innovaci\u00f3<\/h3>\n\n\n\n<p class=\"gazpacho\">Busquem la constant introducci\u00f3 de nous productes al mercat i la millora cont\u00ednua dels nostres processos de fabricaci\u00f3 incorporant les darreres tecnologies.<\/p>\n<\/div>\n<\/div>\n\n\n\n<div class=\"wp-block-columns is-layout-flex wp-container-core-columns-is-layout-9d6595d7 wp-block-columns-is-layout-flex\">\n<div class=\"wp-block-column is-layout-flow wp-block-column-is-layout-flow\">\n<h3 class=\"wp-block-heading has-groc-color has-text-color\">Excel\u00b7l\u00e8ncia<\/h3>\n\n\n\n<p class=\"gazpacho\">Ens esforcem per oferir productes i serveis de m\u00e0xim nivell, cercant constantment la innovaci\u00f3 i l&#8217;excel\u00b7l\u00e8ncia en tots els aspectes de la nostra organitzaci\u00f3.<\/p>\n<\/div>\n\n\n\n<div class=\"wp-block-column is-layout-flow wp-block-column-is-layout-flow\">\n<h3 class=\"wp-block-heading has-rosa-color has-text-color\">Optimisme<\/h3>\n\n\n\n<p class=\"gazpacho\">Adoptem una actitud positiva cap al producte, el negoci i la vida en general, volem ser una marca alegre que promou el benestar.<\/p>\n<\/div>\n\n\n\n<div class=\"wp-block-column is-layout-flow wp-block-column-is-layout-flow\">\n<h3 class=\"wp-block-heading\">Companyerisme<\/h3>\n\n\n\n<p class=\"gazpacho\">Fomentem la col\u00b7laboraci\u00f3 i l&#8217;intercanvi de coneixements amb la comunitat artesana, treballant junts darrere d&#8217;objectius comuns i el creixement conjunt.<\/p>\n<\/div>\n<\/div>\n\n\n\n<figure class=\"wp-block-image size-full\"><img loading=\"lazy\" decoding=\"async\" width=\"2031\" height=\"1137\" src=\"https:\/\/canetdrinks.es\/wp-content\/uploads\/2023\/07\/cnet.jpg\" alt=\"\" class=\"wp-image-1046\" srcset=\"https:\/\/canetdrinks.es\/wp-content\/uploads\/2023\/07\/cnet.jpg 2031w, https:\/\/canetdrinks.es\/wp-content\/uploads\/2023\/07\/cnet-300x168.jpg 300w, https:\/\/canetdrinks.es\/wp-content\/uploads\/2023\/07\/cnet-1024x573.jpg 1024w, https:\/\/canetdrinks.es\/wp-content\/uploads\/2023\/07\/cnet-768x430.jpg 768w, https:\/\/canetdrinks.es\/wp-content\/uploads\/2023\/07\/cnet-1536x860.jpg 1536w\" sizes=\"auto, (max-width: 2031px) 100vw, 2031px\" \/><\/figure>\n<\/div><\/div>\n\n<div class=\"wp-block-group\" data-scroll-section=\"\"><div class=\"wp-block-group__inner-container is-layout-constrained wp-block-group-is-layout-constrained\">\n<div style=\"height:106px\" aria-hidden=\"true\" class=\"wp-block-spacer\"><\/div>\n\n\n\n<p class=\"has-text-align-center link-arrow has-black-color has-text-color has-x-large-font-size\"><a href=\"https:\/\/canetdrinks.es\/ca\/industry-trends\/\" data-type=\"page\" data-id=\"968\"><img loading=\"lazy\" decoding=\"async\" width=\"150\" height=\"129\" class=\"wp-image-972\" style=\"width: 150px;\" src=\"https:\/\/canetdrinks.es\/wp-content\/uploads\/2023\/07\/arrow-big.png\" alt=\"\"\/>Industry Trends<\/a><\/p>\n\n\n\n<div style=\"height:108px\" aria-hidden=\"true\" class=\"wp-block-spacer\"><\/div>\n<\/div><\/div>\n\n<div class=\"wp-block-group full-width\" data-scroll-section=\"\"><div class=\"wp-block-group__inner-container is-layout-constrained wp-block-group-is-layout-constrained\">\n<div class=\"wp-block-columns home-productes-seccions is-layout-flex wp-container-core-columns-is-layout-9d6595d7 wp-block-columns-is-layout-flex\">\n<div class=\"wp-block-column kombucha has-background is-layout-flow wp-block-column-is-layout-flow\" style=\"background-color:#fbedbb\">\n<div class=\"wp-block-group hover-seccio\"><div class=\"wp-block-group__inner-container is-layout-constrained wp-block-group-is-layout-constrained\">\n<a href=\"https:\/\/canetdrinks.es\/kombuchas\/\">\n\n\n\n<figure class=\"wp-block-image size-full image\" data-scroll-speed=\"2\" data-scroll=\"\"><img loading=\"lazy\" decoding=\"async\" width=\"575\" height=\"797\" src=\"https:\/\/canetdrinks.es\/wp-content\/uploads\/2023\/08\/kombuchas-seccio.jpg\" alt=\"\" class=\"wp-image-1360\" srcset=\"https:\/\/canetdrinks.es\/wp-content\/uploads\/2023\/08\/kombuchas-seccio.jpg 575w, https:\/\/canetdrinks.es\/wp-content\/uploads\/2023\/08\/kombuchas-seccio-216x300.jpg 216w\" sizes=\"auto, (max-width: 575px) 100vw, 575px\" \/><\/figure>\n\n\n\n<p class=\"has-verd-color has-text-color has-x-large-font-size\" data-scroll-speed=\"1\" data-scroll=\"\"><strong>Kombuchas<\/strong><\/p>\n\n\n\n<figure class=\"wp-block-image size-full hover-move\"><img loading=\"lazy\" decoding=\"async\" width=\"212\" height=\"698\" src=\"https:\/\/canetdrinks.es\/wp-content\/uploads\/2023\/08\/kombucha-hover.png\" alt=\"\" class=\"wp-image-1362\" srcset=\"https:\/\/canetdrinks.es\/wp-content\/uploads\/2023\/08\/kombucha-hover.png 212w, https:\/\/canetdrinks.es\/wp-content\/uploads\/2023\/08\/kombucha-hover-91x300.png 91w\" sizes=\"auto, (max-width: 212px) 100vw, 212px\" \/><\/figure>\n\n\n\n<\/a>\n<\/div><\/div>\n<\/div>\n\n\n\n<div class=\"wp-block-column beer has-background is-layout-flow wp-block-column-is-layout-flow\" style=\"background-color:#ffd040\">\n<div class=\"wp-block-group hover-seccio beer\"><div class=\"wp-block-group__inner-container is-layout-constrained wp-block-group-is-layout-constrained\">\n<a href=\"https:\/\/canetdrinks.es\/beers\/\">\n\n\n\n<p class=\"has-taronja-color has-text-color has-x-large-font-size\" data-scroll-speed=\"1\" data-scroll=\"\"><strong>Beers<\/strong><\/p>\n\n\n\n<figure class=\"wp-block-image size-full image\" data-scroll-speed=\"2\" data-scroll=\"\"><img loading=\"lazy\" decoding=\"async\" width=\"575\" height=\"797\" src=\"https:\/\/canetdrinks.es\/wp-content\/uploads\/2023\/08\/beers-seccio.jpg\" alt=\"\" class=\"wp-image-1372\" srcset=\"https:\/\/canetdrinks.es\/wp-content\/uploads\/2023\/08\/beers-seccio.jpg 575w, https:\/\/canetdrinks.es\/wp-content\/uploads\/2023\/08\/beers-seccio-216x300.jpg 216w\" sizes=\"auto, (max-width: 575px) 100vw, 575px\" \/><\/figure>\n\n\n\n<figure class=\"wp-block-image size-full hover-move\"><img loading=\"lazy\" decoding=\"async\" width=\"230\" height=\"695\" src=\"https:\/\/canetdrinks.es\/wp-content\/uploads\/2023\/08\/beers-hover-img.png\" alt=\"\" class=\"wp-image-1374\" srcset=\"https:\/\/canetdrinks.es\/wp-content\/uploads\/2023\/08\/beers-hover-img.png 230w, https:\/\/canetdrinks.es\/wp-content\/uploads\/2023\/08\/beers-hover-img-99x300.png 99w\" sizes=\"auto, (max-width: 230px) 100vw, 230px\" \/><\/figure>\n\n\n\n<\/a>\n<\/div><\/div>\n<\/div>\n<\/div>\n<\/div><\/div>\n","protected":false},"excerpt":{"rendered":"<p>Canet \u00e9s una empresa dedicada a la producci\u00f3 i distribuci\u00f3 de begudes fermentades de la m\u00e9s alta qualitat. El nostre prop\u00f2sit \u00e9s enriquir la vida de les persones oferint sabors [&hellip;]<\/p>\n","protected":false},"author":1,"featured_media":0,"parent":0,"menu_order":0,"comment_status":"closed","ping_status":"closed","template":"template-transparent-header.php","meta":{"footnotes":""},"class_list":["post-2226","page","type-page","status-publish","hentry"],"_links":{"self":[{"href":"https:\/\/canetdrinks.es\/ca\/wp-json\/wp\/v2\/pages\/2226","targetHints":{"allow":["GET"]}}],"collection":[{"href":"https:\/\/canetdrinks.es\/ca\/wp-json\/wp\/v2\/pages"}],"about":[{"href":"https:\/\/canetdrinks.es\/ca\/wp-json\/wp\/v2\/types\/page"}],"author":[{"embeddable":true,"href":"https:\/\/canetdrinks.es\/ca\/wp-json\/wp\/v2\/users\/1"}],"replies":[{"embeddable":true,"href":"https:\/\/canetdrinks.es\/ca\/wp-json\/wp\/v2\/comments?post=2226"}],"version-history":[{"count":8,"href":"https:\/\/canetdrinks.es\/ca\/wp-json\/wp\/v2\/pages\/2226\/revisions"}],"predecessor-version":[{"id":2426,"href":"https:\/\/canetdrinks.es\/ca\/wp-json\/wp\/v2\/pages\/2226\/revisions\/2426"}],"wp:attachment":[{"href":"https:\/\/canetdrinks.es\/ca\/wp-json\/wp\/v2\/media?parent=2226"}],"curies":[{"name":"wp","href":"https:\/\/api.w.org\/{rel}","templated":true}]}}