{"id":2207,"date":"2023-10-25T14:22:39","date_gmt":"2023-10-25T12:22:39","guid":{"rendered":"https:\/\/develop.genium.click\/canetbrewing\/inici\/"},"modified":"2023-11-14T09:30:44","modified_gmt":"2023-11-14T07:30:44","slug":"inici","status":"publish","type":"page","link":"https:\/\/canetdrinks.es\/ca\/","title":{"rendered":"Inici"},"content":{"rendered":"\n<div class=\"wp-block-group home-img-background full-width text-right\" data-scroll-section=\"\"><div class=\"wp-block-group__inner-container is-layout-flow wp-block-group-is-layout-flow\">\n<div class=\"wp-block-group content-block\" data-scroll-speed=\"-1\" data-scroll=\"\"><div class=\"wp-block-group__inner-container is-layout-constrained wp-block-group-is-layout-constrained\">\n<p class=\"has-text-align-center padding-sides-big text-home has-text-color has-large-font-size\" style=\"color:#ffd040\"><strong>FERMENTED DRINKS<br\/><em>for unusual moments<\/em><\/strong><\/p>\n<\/div><\/div>\n\n\n\n<figure class=\"wp-block-video background-image\"><video autoplay=\"\" loop=\"\" muted=\"\" src=\"https:\/\/player.vimeo.com\/progressive_redirect\/playback\/848668438\/rendition\/1080p\/file.mp4?loc=external&amp;log_user=0&amp;signature=40d461738cbe081143592a2404113286518170dba3473779030e47846b017132\" playsinline=\"\"><\/video><\/figure>\n<\/div><\/div>\n\n<div class=\"wp-block-group home-background full-width map-block\" data-scroll=\"\" data-scroll-id=\"mapa-section\" data-scroll-section=\"\"><div class=\"wp-block-group__inner-container is-layout-constrained wp-block-group-is-layout-constrained\">\n<div id=\"fixed-elements\" class=\"wp-block-group\"><div class=\"wp-block-group__inner-container is-layout-constrained wp-block-group-is-layout-constrained\">\n<div class=\"wp-block-columns no-margin-bottom mapa-cols has-verd-background-color has-background is-layout-flex wp-container-core-columns-is-layout-9d6595d7 wp-block-columns-is-layout-flex\" data-scroll-target=\"#fixed-elements\" data-scroll-sticky=\"\" data-scroll=\"\">\n<div class=\"wp-block-column is-vertically-aligned-center is-layout-flow wp-block-column-is-layout-flow\">\n<figure class=\"wp-block-image size-large\" id=\"animation-mapa\"><img loading=\"lazy\" decoding=\"async\" width=\"886\" height=\"1024\" src=\"https:\/\/canetdrinks.es\/wp-content\/uploads\/2023\/07\/Group-10-1-886x1024.png\" alt=\"\" class=\"wp-image-1232\" srcset=\"https:\/\/canetdrinks.es\/wp-content\/uploads\/2023\/07\/Group-10-1-886x1024.png 886w, https:\/\/canetdrinks.es\/wp-content\/uploads\/2023\/07\/Group-10-1-260x300.png 260w, https:\/\/canetdrinks.es\/wp-content\/uploads\/2023\/07\/Group-10-1-768x888.png 768w, https:\/\/canetdrinks.es\/wp-content\/uploads\/2023\/07\/Group-10-1-1329x1536.png 1329w, https:\/\/canetdrinks.es\/wp-content\/uploads\/2023\/07\/Group-10-1-1772x2048.png 1772w, https:\/\/canetdrinks.es\/wp-content\/uploads\/2023\/07\/Group-10-1.png 1978w\" sizes=\"auto, (max-width: 886px) 100vw, 886px\" \/><\/figure>\n<\/div>\n\n\n\n<div class=\"wp-block-column is-vertically-aligned-center is-layout-flow wp-block-column-is-layout-flow\">\n<div class=\"wp-block-group text-mapa padding-sides\"><div class=\"wp-block-group__inner-container is-layout-constrained wp-block-group-is-layout-constrained\">\n<p class=\"has-white-color has-text-color has-large-font-size\">Formar part del tot, anar i venir, viure, crear i compartir amb entusiasme, on all\u00f2 simple es converteix en extraordinari.<\/p>\n\n\n\n<p class=\"has-text-align-right has-white-color has-text-color has-medium-font-size\">Aqu\u00ed trobar\u00e0s Canet.<\/p>\n<\/div><\/div>\n<\/div>\n<\/div>\n\n\n\n<div style=\"height:5000px\" aria-hidden=\"true\" class=\"wp-block-spacer\"><\/div>\n<\/div><\/div>\n<\/div><\/div>\n\n<div class=\"wp-block-group full-width\" data-scroll-section=\"\"><div class=\"wp-block-group__inner-container is-layout-constrained wp-block-group-is-layout-constrained\">\n<div class=\"wp-block-columns home-productes-seccions is-layout-flex wp-container-core-columns-is-layout-9d6595d7 wp-block-columns-is-layout-flex\">\n<div class=\"wp-block-column kombucha has-background is-layout-flow wp-block-column-is-layout-flow\" style=\"background-color:#fbedbb\">\n<div class=\"wp-block-group hover-seccio\"><div class=\"wp-block-group__inner-container is-layout-constrained wp-block-group-is-layout-constrained\">\n<a href=\"https:\/\/canetdrinks.es\/ca\/kombuchas\/\">\n<\/a>\n\n\n<figure class=\"wp-block-image size-full image\"><img loading=\"lazy\" decoding=\"async\" width=\"900\" height=\"1247\" src=\"https:\/\/canetdrinks.es\/wp-content\/uploads\/2023\/09\/kombuchas-seccio-v2.jpg\" alt=\"\" class=\"wp-image-1778\" srcset=\"https:\/\/canetdrinks.es\/wp-content\/uploads\/2023\/09\/kombuchas-seccio-v2.jpg 900w, https:\/\/canetdrinks.es\/wp-content\/uploads\/2023\/09\/kombuchas-seccio-v2-217x300.jpg 217w, https:\/\/canetdrinks.es\/wp-content\/uploads\/2023\/09\/kombuchas-seccio-v2-739x1024.jpg 739w, https:\/\/canetdrinks.es\/wp-content\/uploads\/2023\/09\/kombuchas-seccio-v2-768x1064.jpg 768w\" sizes=\"auto, (max-width: 900px) 100vw, 900px\" \/><\/figure>\n\n\n\n<p class=\"has-verd-color has-text-color has-x-large-font-size\"><strong>Kombuchas<\/strong><\/p>\n\n\n\n<figure class=\"wp-block-image size-full hover-move\"><img loading=\"lazy\" decoding=\"async\" width=\"212\" height=\"698\" src=\"https:\/\/canetdrinks.es\/wp-content\/uploads\/2023\/08\/kombucha-hover.png\" alt=\"\" class=\"wp-image-1362\" srcset=\"https:\/\/canetdrinks.es\/wp-content\/uploads\/2023\/08\/kombucha-hover.png 212w, https:\/\/canetdrinks.es\/wp-content\/uploads\/2023\/08\/kombucha-hover-91x300.png 91w\" sizes=\"auto, (max-width: 212px) 100vw, 212px\" \/><\/figure>\n\n\n\n\n<\/div><\/div>\n<\/div>\n\n\n\n<div class=\"wp-block-column beer has-background is-layout-flow wp-block-column-is-layout-flow\" style=\"background-color:#ffd040\">\n<div class=\"wp-block-group hover-seccio beer\"><div class=\"wp-block-group__inner-container is-layout-constrained wp-block-group-is-layout-constrained\">\n<a href=\"https:\/\/canetdrinks.es\/ca\/beers\/\">\n<\/a>\n\n\n<p class=\"has-taronja-color has-text-color has-x-large-font-size\"><strong>Beers<\/strong><\/p>\n\n\n\n<figure class=\"wp-block-image size-full image\"><img loading=\"lazy\" decoding=\"async\" width=\"900\" height=\"1247\" src=\"https:\/\/canetdrinks.es\/wp-content\/uploads\/2023\/09\/beer-seccio-v2.jpg\" alt=\"\" class=\"wp-image-1781\" srcset=\"https:\/\/canetdrinks.es\/wp-content\/uploads\/2023\/09\/beer-seccio-v2.jpg 900w, https:\/\/canetdrinks.es\/wp-content\/uploads\/2023\/09\/beer-seccio-v2-217x300.jpg 217w, https:\/\/canetdrinks.es\/wp-content\/uploads\/2023\/09\/beer-seccio-v2-739x1024.jpg 739w, https:\/\/canetdrinks.es\/wp-content\/uploads\/2023\/09\/beer-seccio-v2-768x1064.jpg 768w\" sizes=\"auto, (max-width: 900px) 100vw, 900px\" \/><\/figure>\n\n\n\n<figure class=\"wp-block-image size-full hover-move\"><img loading=\"lazy\" decoding=\"async\" width=\"230\" height=\"695\" src=\"https:\/\/canetdrinks.es\/wp-content\/uploads\/2023\/08\/beers-hover-img.png\" alt=\"\" class=\"wp-image-1374\" srcset=\"https:\/\/canetdrinks.es\/wp-content\/uploads\/2023\/08\/beers-hover-img.png 230w, https:\/\/canetdrinks.es\/wp-content\/uploads\/2023\/08\/beers-hover-img-99x300.png 99w\" sizes=\"auto, (max-width: 230px) 100vw, 230px\" \/><\/figure>\n\n\n\n\n<\/div><\/div>\n<\/div>\n<\/div>\n<\/div><\/div>\n\n<div class=\"wp-block-group bloc-background-image full-width\" data-scroll-section=\"\"><div class=\"wp-block-group__inner-container is-layout-constrained wp-block-group-is-layout-constrained\">\n<div style=\"height:139px\" aria-hidden=\"true\" class=\"wp-block-spacer\"><\/div>\n\n\n\n<div class=\"wp-block-group selector-loop\" data-scroll-speed=\"1\" data-scroll=\"\"><div class=\"wp-block-group__inner-container is-layout-constrained wp-block-group-is-layout-constrained\">\n<div class=\"wp-block-group first\"><div class=\"wp-block-group__inner-container is-layout-constrained wp-block-group-is-layout-constrained\">\n<div class=\"wp-block-group is-nowrap is-layout-flex wp-container-core-group-is-layout-ad2f72ca wp-block-group-is-layout-flex\">\n<p class=\"fermentacion-trigger\">Fermentaci\u00f3<\/p>\n\n\n\n<p class=\"ingredientes-trigger\">Ingredients<\/p>\n\n\n\n<p class=\"experiencia-trigger\">Experi\u00e8ncia<\/p>\n<\/div>\n<\/div><\/div>\n\n\n\n<div class=\"wp-block-group second\"><div class=\"wp-block-group__inner-container is-layout-constrained wp-block-group-is-layout-constrained\">\n<div class=\"wp-block-group is-nowrap is-layout-flex wp-container-core-group-is-layout-ad2f72ca wp-block-group-is-layout-flex\">\n<p class=\"fermentacion-trigger\">Fermentaci\u00f3<\/p>\n\n\n\n<p class=\"ingredientes-trigger\">Ingredients<\/p>\n\n\n\n<p class=\"experiencia-trigger\">Experi\u00e8ncia<\/p>\n<\/div>\n<\/div><\/div>\n<\/div><\/div>\n\n\n\n<div class=\"wp-block-group group-texts\"><div class=\"wp-block-group__inner-container is-layout-constrained wp-block-group-is-layout-constrained\">\n<p class=\"fermentacion-text has-medium-font-size\">L\u2019univers creatiu de la fermentaci\u00f3 \u00e9s infinit. \u00c9s una simfonia que va desplegant notes de sabor, cadascuna revelant la seva pr\u00f2pia hist\u00f2ria i car\u00e0cter \u00fanic.<\/p>\n\n\n\n<p class=\"ingredientes-text has-medium-font-size\">Reinventem l\u2019estat original de la mat\u00e8ria org\u00e0nica, transformant ingredients en experi\u00e8ncies \u00faniques que alteren el nostre perfil sensorial, creant nous matisos colors i textures.<\/p>\n\n\n\n<p class=\"experiencia-text has-medium-font-size\">Descobreix com la fermentaci\u00f3 converteix all\u00f2 simple en extraordinari, donant pas a una nova experi\u00e8ncia amb nom propi anomenada Canet.<\/p>\n<\/div><\/div>\n\n\n\n<div style=\"height:213px\" aria-hidden=\"true\" class=\"wp-block-spacer\"><\/div>\n\n\n\n<figure class=\"wp-block-image size-full background-image\" id=\"ingredientes-image\"><img loading=\"lazy\" decoding=\"async\" width=\"2400\" height=\"1446\" src=\"https:\/\/canetdrinks.es\/wp-content\/uploads\/2023\/09\/ingredientes-c.jpg\" alt=\"\" class=\"wp-image-1769\" srcset=\"https:\/\/canetdrinks.es\/wp-content\/uploads\/2023\/09\/ingredientes-c.jpg 2400w, https:\/\/canetdrinks.es\/wp-content\/uploads\/2023\/09\/ingredientes-c-300x181.jpg 300w, https:\/\/canetdrinks.es\/wp-content\/uploads\/2023\/09\/ingredientes-c-1024x617.jpg 1024w, https:\/\/canetdrinks.es\/wp-content\/uploads\/2023\/09\/ingredientes-c-768x463.jpg 768w, https:\/\/canetdrinks.es\/wp-content\/uploads\/2023\/09\/ingredientes-c-1536x925.jpg 1536w, https:\/\/canetdrinks.es\/wp-content\/uploads\/2023\/09\/ingredientes-c-2048x1234.jpg 2048w\" sizes=\"auto, (max-width: 2400px) 100vw, 2400px\" \/><\/figure>\n\n\n\n<figure class=\"wp-block-image size-full background-image\" id=\"fermentacion-image\"><img loading=\"lazy\" decoding=\"async\" width=\"2400\" height=\"1446\" src=\"https:\/\/canetdrinks.es\/wp-content\/uploads\/2023\/09\/fermentacion-c.jpg\" alt=\"\" class=\"wp-image-1771\" srcset=\"https:\/\/canetdrinks.es\/wp-content\/uploads\/2023\/09\/fermentacion-c.jpg 2400w, https:\/\/canetdrinks.es\/wp-content\/uploads\/2023\/09\/fermentacion-c-300x181.jpg 300w, https:\/\/canetdrinks.es\/wp-content\/uploads\/2023\/09\/fermentacion-c-1024x617.jpg 1024w, https:\/\/canetdrinks.es\/wp-content\/uploads\/2023\/09\/fermentacion-c-768x463.jpg 768w, https:\/\/canetdrinks.es\/wp-content\/uploads\/2023\/09\/fermentacion-c-1536x925.jpg 1536w, https:\/\/canetdrinks.es\/wp-content\/uploads\/2023\/09\/fermentacion-c-2048x1234.jpg 2048w\" sizes=\"auto, (max-width: 2400px) 100vw, 2400px\" \/><\/figure>\n\n\n\n<figure class=\"wp-block-image size-full background-image\" id=\"experiencia-image\"><img loading=\"lazy\" decoding=\"async\" width=\"2400\" height=\"1446\" src=\"https:\/\/canetdrinks.es\/wp-content\/uploads\/2023\/09\/experiencia-c.jpg\" alt=\"\" class=\"wp-image-1773\" srcset=\"https:\/\/canetdrinks.es\/wp-content\/uploads\/2023\/09\/experiencia-c.jpg 2400w, https:\/\/canetdrinks.es\/wp-content\/uploads\/2023\/09\/experiencia-c-300x181.jpg 300w, https:\/\/canetdrinks.es\/wp-content\/uploads\/2023\/09\/experiencia-c-1024x617.jpg 1024w, https:\/\/canetdrinks.es\/wp-content\/uploads\/2023\/09\/experiencia-c-768x463.jpg 768w, https:\/\/canetdrinks.es\/wp-content\/uploads\/2023\/09\/experiencia-c-1536x925.jpg 1536w, https:\/\/canetdrinks.es\/wp-content\/uploads\/2023\/09\/experiencia-c-2048x1234.jpg 2048w\" sizes=\"auto, (max-width: 2400px) 100vw, 2400px\" \/><\/figure>\n<\/div><\/div>\n","protected":false},"excerpt":{"rendered":"<p>FERMENTED DRINKSfor unusual moments Formar part del tot, anar i venir, viure, crear i compartir amb entusiasme, on all\u00f2 simple es converteix en extraordinari. Aqu\u00ed trobar\u00e0s Canet. Kombuchas Beers Fermentaci\u00f3 [&hellip;]<\/p>\n","protected":false},"author":1,"featured_media":0,"parent":0,"menu_order":0,"comment_status":"closed","ping_status":"closed","template":"template-home.php","meta":{"footnotes":""},"class_list":["post-2207","page","type-page","status-publish","hentry"],"_links":{"self":[{"href":"https:\/\/canetdrinks.es\/ca\/wp-json\/wp\/v2\/pages\/2207","targetHints":{"allow":["GET"]}}],"collection":[{"href":"https:\/\/canetdrinks.es\/ca\/wp-json\/wp\/v2\/pages"}],"about":[{"href":"https:\/\/canetdrinks.es\/ca\/wp-json\/wp\/v2\/types\/page"}],"author":[{"embeddable":true,"href":"https:\/\/canetdrinks.es\/ca\/wp-json\/wp\/v2\/users\/1"}],"replies":[{"embeddable":true,"href":"https:\/\/canetdrinks.es\/ca\/wp-json\/wp\/v2\/comments?post=2207"}],"version-history":[{"count":2,"href":"https:\/\/canetdrinks.es\/ca\/wp-json\/wp\/v2\/pages\/2207\/revisions"}],"predecessor-version":[{"id":2311,"href":"https:\/\/canetdrinks.es\/ca\/wp-json\/wp\/v2\/pages\/2207\/revisions\/2311"}],"wp:attachment":[{"href":"https:\/\/canetdrinks.es\/ca\/wp-json\/wp\/v2\/media?parent=2207"}],"curies":[{"name":"wp","href":"https:\/\/api.w.org\/{rel}","templated":true}]}}