{"id":2139,"date":"2023-10-25T12:28:35","date_gmt":"2023-10-25T10:28:35","guid":{"rendered":"https:\/\/develop.genium.click\/canetbrewing\/beers\/"},"modified":"2023-10-25T12:28:36","modified_gmt":"2023-10-25T10:28:36","slug":"beers","status":"publish","type":"page","link":"https:\/\/canetdrinks.es\/ca\/beers\/","title":{"rendered":"Beers"},"content":{"rendered":"\n<div class=\"wp-block-group home-img-background full-width\" data-scroll-section=\"\"><div class=\"wp-block-group__inner-container is-layout-flow wp-block-group-is-layout-flow\">\n<div class=\"wp-block-group content-block\"><div class=\"wp-block-group__inner-container is-layout-constrained wp-block-group-is-layout-constrained\">\n<figure class=\"wp-block-image size-full is-resized padding-sides-big stamp-beer spin\" data-scroll=\"\" data-scroll-speed=\"1\"><img loading=\"lazy\" decoding=\"async\" src=\"https:\/\/canetdrinks.es\/wp-content\/uploads\/2023\/07\/all-day-warrior.png\" alt=\"\" class=\"wp-image-1119\" width=\"123\" height=\"129\"\/><\/figure>\n\n\n\n<h1 class=\"wp-block-heading padding-sides-big has-groc-color has-text-color\" data-scroll=\"\" data-scroll-speed=\"1\">L\u00b4ess\u00e8ncia de l\u00b4origen unida a la passi\u00f3 per la innovaci\u00f3<\/h1>\n<\/div><\/div>\n\n\n\n<figure class=\"wp-block-image size-full background-image\"><img loading=\"lazy\" decoding=\"async\" width=\"2560\" height=\"1428\" src=\"https:\/\/canetdrinks.es\/wp-content\/uploads\/2023\/07\/beer-image-scaled.jpg\" alt=\"\" class=\"wp-image-1100\" srcset=\"https:\/\/canetdrinks.es\/wp-content\/uploads\/2023\/07\/beer-image-scaled.jpg 2560w, https:\/\/canetdrinks.es\/wp-content\/uploads\/2023\/07\/beer-image-300x167.jpg 300w, https:\/\/canetdrinks.es\/wp-content\/uploads\/2023\/07\/beer-image-1024x571.jpg 1024w, https:\/\/canetdrinks.es\/wp-content\/uploads\/2023\/07\/beer-image-768x428.jpg 768w, https:\/\/canetdrinks.es\/wp-content\/uploads\/2023\/07\/beer-image-1536x857.jpg 1536w, https:\/\/canetdrinks.es\/wp-content\/uploads\/2023\/07\/beer-image-2048x1142.jpg 2048w\" sizes=\"auto, (max-width: 2560px) 100vw, 2560px\" \/><\/figure>\n<\/div><\/div>\n\n<div class=\"wp-block-group\" data-scroll-section=\"\"><div class=\"wp-block-group__inner-container is-layout-constrained wp-block-group-is-layout-constrained\">\n<div style=\"height:100px\" aria-hidden=\"true\" class=\"wp-block-spacer\"><\/div>\n\n\n\n<div class=\"wp-block-columns separator bottom hover-image is-layout-flex wp-container-core-columns-is-layout-9d6595d7 wp-block-columns-is-layout-flex\">\n<div class=\"wp-block-column is-layout-flow wp-block-column-is-layout-flow\"><div class=\"wp-block-image\">\n<figure class=\"aligncenter size-large is-resized\"><a href=\"https:\/\/canetdrinks.es\/pils\/\"><img loading=\"lazy\" decoding=\"async\" src=\"https:\/\/canetdrinks.es\/wp-content\/uploads\/2023\/07\/kombucha-ginger-2-1-275x1024.jpg\" alt=\"\" class=\"wp-image-1125\" width=\"138\" height=\"512\"\/><\/a><\/figure>\n<\/div>\n\n\n<div style=\"height:10px\" aria-hidden=\"true\" class=\"wp-block-spacer\"><\/div>\n\n\n\n<p class=\"has-text-align-center no-margin-bottom has-text-color has-large-font-size\" style=\"color:#dfae2c\"><strong><a href=\"https:\/\/canetdrinks.es\/pils\/\">Pils<\/a><\/strong><\/p>\n\n\n\n<p class=\"has-text-align-center has-text-color has-small-font-size\" style=\"color:#dfae2c\"><a href=\"https:\/\/canetdrinks.es\/pils\/\">LAGER BEER<\/a><\/p>\n<\/div>\n\n\n\n<div class=\"wp-block-column is-layout-flow wp-block-column-is-layout-flow\"><div class=\"wp-block-image\">\n<figure class=\"aligncenter size-large is-resized\"><a href=\"https:\/\/canetdrinks.es\/pale-ale\/\"><img loading=\"lazy\" decoding=\"async\" src=\"https:\/\/canetdrinks.es\/wp-content\/uploads\/2023\/07\/kombucha-ginger-2-copy-2-1-278x1024.jpg\" alt=\"\" class=\"wp-image-1127\" width=\"139\" height=\"512\" srcset=\"https:\/\/canetdrinks.es\/wp-content\/uploads\/2023\/07\/kombucha-ginger-2-copy-2-1-278x1024.jpg 278w, https:\/\/canetdrinks.es\/wp-content\/uploads\/2023\/07\/kombucha-ginger-2-copy-2-1.jpg 296w\" sizes=\"auto, (max-width: 139px) 100vw, 139px\" \/><\/a><\/figure>\n<\/div>\n\n\n<div style=\"height:10px\" aria-hidden=\"true\" class=\"wp-block-spacer\"><\/div>\n\n\n\n<p class=\"has-text-align-center no-margin-bottom has-text-color has-large-font-size\" style=\"color:#69a091\"><strong><a href=\"https:\/\/canetdrinks.es\/pale-ale\/\">Pale Ale<\/a><\/strong><\/p>\n\n\n\n<p class=\"has-text-align-center has-text-color has-small-font-size\" style=\"color:#69a091\"><a href=\"https:\/\/canetdrinks.es\/pale-ale\/\">ALE BEER<\/a><\/p>\n<\/div>\n\n\n\n<div class=\"wp-block-column is-layout-flow wp-block-column-is-layout-flow\"><div class=\"wp-block-image\">\n<figure class=\"aligncenter size-large is-resized\"><a href=\"https:\/\/canetdrinks.es\/session-ipa\/\"><img loading=\"lazy\" decoding=\"async\" src=\"https:\/\/canetdrinks.es\/wp-content\/uploads\/2023\/07\/kombucha-ginger-2-copy-1-278x1024.jpg\" alt=\"\" class=\"wp-image-1126\" width=\"139\" height=\"512\" srcset=\"https:\/\/canetdrinks.es\/wp-content\/uploads\/2023\/07\/kombucha-ginger-2-copy-1-278x1024.jpg 278w, https:\/\/canetdrinks.es\/wp-content\/uploads\/2023\/07\/kombucha-ginger-2-copy-1.jpg 296w\" sizes=\"auto, (max-width: 139px) 100vw, 139px\" \/><\/a><\/figure>\n<\/div>\n\n\n<div style=\"height:10px\" aria-hidden=\"true\" class=\"wp-block-spacer\"><\/div>\n\n\n\n<p class=\"has-text-align-center no-margin-bottom has-violeta-color has-text-color has-large-font-size\"><strong><a href=\"https:\/\/canetdrinks.es\/session-ipa\/\">Session IPA<\/a><\/strong><\/p>\n\n\n\n<p class=\"has-text-align-center has-violeta-color has-text-color has-small-font-size\"><a href=\"https:\/\/canetdrinks.es\/session-ipa\/\">INDIAN PALE ALE<\/a><\/p>\n<\/div>\n<\/div>\n\n\n\n<div class=\"wp-block-columns separator hover-image is-layout-flex wp-container-core-columns-is-layout-9d6595d7 wp-block-columns-is-layout-flex\">\n<div class=\"wp-block-column is-layout-flow wp-block-column-is-layout-flow\"><div class=\"wp-block-image\">\n<figure class=\"aligncenter size-large is-resized\"><a href=\"https:\/\/canetdrinks.es\/vibes\/\"><img loading=\"lazy\" decoding=\"async\" src=\"https:\/\/canetdrinks.es\/wp-content\/uploads\/2023\/07\/kombucha-ginger-2-copy-4-278x1024.jpg\" alt=\"\" class=\"wp-image-1129\" width=\"139\" height=\"512\" srcset=\"https:\/\/canetdrinks.es\/wp-content\/uploads\/2023\/07\/kombucha-ginger-2-copy-4-278x1024.jpg 278w, https:\/\/canetdrinks.es\/wp-content\/uploads\/2023\/07\/kombucha-ginger-2-copy-4.jpg 296w\" sizes=\"auto, (max-width: 139px) 100vw, 139px\" \/><\/a><\/figure>\n<\/div>\n\n\n<div style=\"height:10px\" aria-hidden=\"true\" class=\"wp-block-spacer\"><\/div>\n\n\n\n<p class=\"has-text-align-center no-margin-bottom has-text-color has-large-font-size\" style=\"color:#d1524c\"><strong><a href=\"https:\/\/canetdrinks.es\/vibes\/\">Vibes<\/a><\/strong><\/p>\n\n\n\n<p class=\"has-text-align-center has-text-color has-small-font-size\" style=\"color:#d1524c\"><a href=\"https:\/\/canetdrinks.es\/vibes\/\">NEIPA<\/a><\/p>\n<\/div>\n\n\n\n<div class=\"wp-block-column is-layout-flow wp-block-column-is-layout-flow\"><div class=\"wp-block-image\">\n<figure class=\"aligncenter size-large is-resized\"><a href=\"https:\/\/canetdrinks.es\/polaroid-dreams\/\"><img loading=\"lazy\" decoding=\"async\" src=\"https:\/\/canetdrinks.es\/wp-content\/uploads\/2023\/07\/kombucha-ginger-2-copy-3-275x1024.jpg\" alt=\"\" class=\"wp-image-1128\" width=\"138\" height=\"512\"\/><\/a><\/figure>\n<\/div>\n\n\n<div style=\"height:10px\" aria-hidden=\"true\" class=\"wp-block-spacer\"><\/div>\n\n\n\n<p class=\"has-text-align-center no-margin-bottom has-text-color has-large-font-size\" style=\"color:#2e61af\"><strong><a href=\"https:\/\/canetdrinks.es\/polaroid-dreams\/\">Polaroid Dreams<\/a><\/strong><\/p>\n\n\n\n<p class=\"has-text-align-center has-text-color has-small-font-size\" style=\"color:#2e61af\"><a href=\"https:\/\/canetdrinks.es\/polaroid-dreams\/\">DIPA<\/a><\/p>\n<\/div>\n\n\n\n<div class=\"wp-block-column is-layout-flow wp-block-column-is-layout-flow\"><div class=\"wp-block-image\">\n<figure class=\"aligncenter size-large is-resized\"><a href=\"https:\/\/canetdrinks.es\/cadiblack\/\"><img loading=\"lazy\" decoding=\"async\" src=\"https:\/\/canetdrinks.es\/wp-content\/uploads\/2023\/07\/kombucha-ginger-2-copy-5-278x1024.jpg\" alt=\"\" class=\"wp-image-1130\" width=\"139\" height=\"512\" srcset=\"https:\/\/canetdrinks.es\/wp-content\/uploads\/2023\/07\/kombucha-ginger-2-copy-5-278x1024.jpg 278w, https:\/\/canetdrinks.es\/wp-content\/uploads\/2023\/07\/kombucha-ginger-2-copy-5.jpg 296w\" sizes=\"auto, (max-width: 139px) 100vw, 139px\" \/><\/a><\/figure>\n<\/div>\n\n\n<div style=\"height:10px\" aria-hidden=\"true\" class=\"wp-block-spacer\"><\/div>\n\n\n\n<p class=\"has-text-align-center no-margin-bottom has-black-color has-text-color has-large-font-size\"><strong><a href=\"https:\/\/canetdrinks.es\/cadiblack\/\">Cadiblack<\/a><\/strong><\/p>\n\n\n\n<p class=\"has-text-align-center has-black-color has-text-color has-small-font-size\"><a href=\"https:\/\/canetdrinks.es\/cadiblack\/\">IMPERIAL STOUT<\/a><\/p>\n<\/div>\n<\/div>\n\n\n\n<div style=\"height:20px\" aria-hidden=\"true\" class=\"wp-block-spacer\"><\/div>\n<\/div><\/div>\n\n<div class=\"wp-block-group max-width-left\" data-scroll-section=\"\"><div class=\"wp-block-group__inner-container is-layout-constrained wp-block-group-is-layout-constrained\">\n<div class=\"wp-block-columns are-vertically-aligned-center is-layout-flex wp-container-core-columns-is-layout-9d6595d7 wp-block-columns-is-layout-flex\">\n<div class=\"wp-block-column is-vertically-aligned-center is-layout-flow wp-block-column-is-layout-flow\" style=\"flex-basis:33.33%\"><div class=\"wp-block-image\">\n<figure class=\"alignright size-full is-resized\" data-scroll=\"\" data-scroll-speed=\"3\"><img loading=\"lazy\" decoding=\"async\" src=\"https:\/\/canetdrinks.es\/wp-content\/uploads\/2023\/07\/canet-barcelona.png\" alt=\"\" class=\"wp-image-1037\" width=\"195\" height=\"187\" srcset=\"https:\/\/canetdrinks.es\/wp-content\/uploads\/2023\/07\/canet-barcelona.png 390w, https:\/\/canetdrinks.es\/wp-content\/uploads\/2023\/07\/canet-barcelona-300x288.png 300w\" sizes=\"auto, (max-width: 195px) 100vw, 195px\" \/><\/figure>\n<\/div><\/div>\n\n\n\n<div class=\"wp-block-column is-vertically-aligned-center is-layout-flow wp-block-column-is-layout-flow\" style=\"flex-basis:66.66%\">\n<p class=\"has-blau-color has-text-color has-medium-font-size\" data-scroll=\"\" data-scroll-speed=\"2\">La cervesa no nom\u00e9s \u00e9s una beguda, \u00e9s un llegat que s&#8217;assaboreix, es gaudeix i es comparteix. Una invitaci\u00f3 a apreciar la diversitat celebrant la passi\u00f3 per all\u00f2 aut\u00e8ntic.<\/p>\n<\/div>\n<\/div>\n\n\n\n<div style=\"height:56px\" aria-hidden=\"true\" class=\"wp-block-spacer\"><\/div>\n\n\n\n<figure class=\"wp-block-image size-large\" data-scroll-speed=\"1\"><img loading=\"lazy\" decoding=\"async\" width=\"1024\" height=\"751\" src=\"https:\/\/canetdrinks.es\/wp-content\/uploads\/2023\/07\/beer-porro-1024x751.jpg\" alt=\"\" class=\"wp-image-1108\" srcset=\"https:\/\/canetdrinks.es\/wp-content\/uploads\/2023\/07\/beer-porro-1024x751.jpg 1024w, https:\/\/canetdrinks.es\/wp-content\/uploads\/2023\/07\/beer-porro-300x220.jpg 300w, https:\/\/canetdrinks.es\/wp-content\/uploads\/2023\/07\/beer-porro-768x563.jpg 768w, https:\/\/canetdrinks.es\/wp-content\/uploads\/2023\/07\/beer-porro-1536x1127.jpg 1536w, https:\/\/canetdrinks.es\/wp-content\/uploads\/2023\/07\/beer-porro.jpg 1763w\" sizes=\"auto, (max-width: 1024px) 100vw, 1024px\" \/><\/figure>\n<\/div><\/div>\n\n<div class=\"wp-block-group\" data-scroll-section=\"\"><div class=\"wp-block-group__inner-container is-layout-constrained wp-block-group-is-layout-constrained\">\n<div style=\"height:76px\" aria-hidden=\"true\" class=\"wp-block-spacer desktop\"><\/div>\n\n\n\n<div class=\"wp-block-columns is-layout-flex wp-container-core-columns-is-layout-9d6595d7 wp-block-columns-is-layout-flex\">\n<div class=\"wp-block-column is-layout-flow wp-block-column-is-layout-flow\"><\/div>\n\n\n\n<div class=\"wp-block-column is-layout-flow wp-block-column-is-layout-flow\" data-scroll=\"\" data-scroll-speed=\"1\">\n<p class=\"has-blau-color has-text-color has-medium-font-size\">La cervesa \u00e9s un estil de vida que no s&#8217;atura en el passat, sin\u00f3 que mira cap al futur amb la passi\u00f3 per la innovaci\u00f3.<\/p>\n\n\n\n<p class=\"has-blau-color has-text-color has-medium-font-size\">Desafiem l\u00edmits creant combinacions sorprenents unides a un gran respecte per la qualitat i l&#8217;artesania d&#8217;un origen, on la combinaci\u00f3 de diferents tipus de malts i ll\u00fapols us conviden a explorar nous horitzons.<\/p>\n<\/div>\n\n\n\n<div class=\"wp-block-column is-layout-flow wp-block-column-is-layout-flow\">\n<div style=\"height:113px\" aria-hidden=\"true\" class=\"wp-block-spacer desktop\"><\/div>\n\n\n\n<figure class=\"wp-block-image size-large\" data-scroll=\"\" data-scroll-speed=\"3\"><img loading=\"lazy\" decoding=\"async\" width=\"682\" height=\"1024\" src=\"https:\/\/canetdrinks.es\/wp-content\/uploads\/2023\/07\/canet-beer-overflowing-682x1024.jpg\" alt=\"\" class=\"wp-image-1110\" srcset=\"https:\/\/canetdrinks.es\/wp-content\/uploads\/2023\/07\/canet-beer-overflowing-682x1024.jpg 682w, https:\/\/canetdrinks.es\/wp-content\/uploads\/2023\/07\/canet-beer-overflowing-200x300.jpg 200w, https:\/\/canetdrinks.es\/wp-content\/uploads\/2023\/07\/canet-beer-overflowing.jpg 701w\" sizes=\"auto, (max-width: 682px) 100vw, 682px\" \/><\/figure>\n<\/div>\n<\/div>\n\n\n\n<div style=\"height:100px\" aria-hidden=\"true\" class=\"wp-block-spacer\"><\/div>\n<\/div><\/div>\n\n<div class=\"wp-block-group hover-bottle\" data-scroll-section=\"\"><div class=\"wp-block-group__inner-container is-layout-constrained wp-block-group-is-layout-constrained\">\n<p class=\"has-text-align-center link-arrow has-verd-color has-text-color has-x-large-font-size\"><a href=\"https:\/\/canetdrinks.es\/ca\/kombuchas\/\" data-type=\"page\" data-id=\"1002\"><img loading=\"lazy\" decoding=\"async\" width=\"150\" height=\"129\" class=\"wp-image-1031\" style=\"width: 150px;\" src=\"https:\/\/canetdrinks.es\/wp-content\/uploads\/2023\/07\/bigarrow-green.png\" alt=\"\"\/><strong>Kombuchas<\/strong><\/a><\/p>\n\n\n<div class=\"wp-block-image\">\n<figure class=\"aligncenter size-full is-resized\"><img loading=\"lazy\" decoding=\"async\" src=\"https:\/\/canetdrinks.es\/wp-content\/uploads\/2023\/07\/kombucha-tilted.jpg\" alt=\"\" class=\"wp-image-1139\" width=\"145\" height=\"421\" srcset=\"https:\/\/canetdrinks.es\/wp-content\/uploads\/2023\/07\/kombucha-tilted.jpg 290w, https:\/\/canetdrinks.es\/wp-content\/uploads\/2023\/07\/kombucha-tilted-103x300.jpg 103w\" sizes=\"auto, (max-width: 145px) 100vw, 145px\" \/><\/figure>\n<\/div><\/div><\/div>\n","protected":false},"excerpt":{"rendered":"<p>L\u00b4ess\u00e8ncia de l\u00b4origen unida a la passi\u00f3 per la innovaci\u00f3 La cervesa no nom\u00e9s \u00e9s una beguda, \u00e9s un llegat que s&#8217;assaboreix, es gaudeix i es comparteix. Una invitaci\u00f3 a [&hellip;]<\/p>\n","protected":false},"author":1,"featured_media":0,"parent":0,"menu_order":0,"comment_status":"closed","ping_status":"closed","template":"template-transparent-header-beer.php","meta":{"footnotes":""},"class_list":["post-2139","page","type-page","status-publish","hentry"],"_links":{"self":[{"href":"https:\/\/canetdrinks.es\/ca\/wp-json\/wp\/v2\/pages\/2139","targetHints":{"allow":["GET"]}}],"collection":[{"href":"https:\/\/canetdrinks.es\/ca\/wp-json\/wp\/v2\/pages"}],"about":[{"href":"https:\/\/canetdrinks.es\/ca\/wp-json\/wp\/v2\/types\/page"}],"author":[{"embeddable":true,"href":"https:\/\/canetdrinks.es\/ca\/wp-json\/wp\/v2\/users\/1"}],"replies":[{"embeddable":true,"href":"https:\/\/canetdrinks.es\/ca\/wp-json\/wp\/v2\/comments?post=2139"}],"version-history":[{"count":1,"href":"https:\/\/canetdrinks.es\/ca\/wp-json\/wp\/v2\/pages\/2139\/revisions"}],"predecessor-version":[{"id":2151,"href":"https:\/\/canetdrinks.es\/ca\/wp-json\/wp\/v2\/pages\/2139\/revisions\/2151"}],"wp:attachment":[{"href":"https:\/\/canetdrinks.es\/ca\/wp-json\/wp\/v2\/media?parent=2139"}],"curies":[{"name":"wp","href":"https:\/\/api.w.org\/{rel}","templated":true}]}}