{"id":2103,"date":"2023-10-25T12:08:54","date_gmt":"2023-10-25T10:08:54","guid":{"rendered":"https:\/\/develop.genium.click\/canetbrewing\/?page_id=2103"},"modified":"2023-10-25T12:27:35","modified_gmt":"2023-10-25T10:27:35","slug":"politica-de-privacitat","status":"publish","type":"page","link":"https:\/\/canetdrinks.es\/ca\/politica-de-privacitat\/","title":{"rendered":"Pol\u00edtica de privacitat"},"content":{"rendered":"\n<div style=\"height:20px\" aria-hidden=\"true\" class=\"wp-block-spacer\"><\/div>\n\n\n\n<h1 class=\"wp-block-heading\"><strong>POL\u00cdTICA DE PRIVACIDAD<\/strong><\/h1>\n\n\n\n<div style=\"height:20px\" aria-hidden=\"true\" class=\"wp-block-spacer\"><\/div>\n\n\n\n<p>De conformidad con lo establecido en el Reglamento (UE) 2016\/679 del Parlamento Europeo y del Consejo, de 27 de abril de 2016, relativo a la protecci\u00f3n de las personas f\u00edsicas en lo que respecta al tratamiento de datos personales y a la libre circulaci\u00f3n de estos datos (en adelante, RGPD), y en la Ley Org\u00e1nica 3\/2018, de 5 de diciembre, de Protecci\u00f3n de Datos Personales y garant\u00eda de los derechos digitales, CANET DRINKS, S.L. informa sobre el tratamiento de datos personales realizado a trav\u00e9s de esta p\u00e1gina web y otros referenciados a esta pol\u00edtica de privacidad.<\/p>\n\n\n\n<h2 class=\"wp-block-heading\"><strong>Responsable del tratamiento de tus datos personales<\/strong><\/h2>\n\n\n\n<p><strong>Titular<\/strong>: CANET DRINKS, S.L. (en adelante, CANET)<br><strong>Domicilio social<\/strong>: &lt;&gt;, Canet de Mar \u2013 Barcelona (Espa\u00f1a)<br><strong>E-mail<\/strong>:&nbsp;biz@canetdrinks.es<\/p>\n\n\n\n<h2 class=\"wp-block-heading\"><strong>Fines del tratamiento y legitimaci\u00f3n<\/strong><\/h2>\n\n\n\n<p>Los fines para los que CANET tratar\u00e1 tus datos personales y su correspondiente base de legitimaci\u00f3n, son los siguientes:<\/p>\n\n\n\n<p><strong>Como Usuario de la p\u00e1gina web (formulario de contacto \/mails remitidos a las direcciones de correo que aparecen en la p\u00e1gina):<\/strong>&nbsp;los datos de las personas que realicen consultas o solicitudes a trav\u00e9s de los formularios web de contacto disponibles o de las direcciones de correo que aparezcan en la p\u00e1gina web, se utilizar\u00e1n para atenderlas y hacer su seguimiento. La legitimaci\u00f3n de este tratamiento es el inter\u00e9s leg\u00edtimo de CANET de atender las consultas y mantener relaciones y la comunicaci\u00f3n con las personas interesadas.<\/p>\n\n\n\n<p><strong>Como suscriptor del newsletter:<\/strong>&nbsp;los datos de las personas que se hayan suscrito a nuestro newsletter se utilizar\u00e1n para su env\u00edo peri\u00f3dico mediante correo electr\u00f3nico, en base a la relaci\u00f3n contractual derivada del servicio prestado.<\/p>\n\n\n\n<p><strong>Registro de usuario<\/strong>: los datos facilitados mediante el formulario de registro ser\u00e1n tratados con la finalidad de crear una cuenta de usuario de modo que permita recordar su informaci\u00f3n y agilizar los futuros pedidos que realice, as\u00ed como acceder a la informaci\u00f3n del hist\u00f3rico de pedidos. La legitimaci\u00f3n para dicho tratamiento es la ejecuci\u00f3n de la relaci\u00f3n contractual.<\/p>\n\n\n\n<p><strong>Realizaci\u00f3n de pedidos<\/strong>: los datos que el usuario facilite para la compra online de cervezas o art\u00edculos de merchandising se utilizar\u00e1n para su gesti\u00f3n, incluyendo la facturaci\u00f3n, el cobro y las operaciones relacionadas con su ejecuci\u00f3n. La legitimaci\u00f3n para el tratamiento de los datos es la ejecuci\u00f3n de la relaci\u00f3n contractual vinculada a los pedidos realizados y el cumplimiento de obligaciones legales aplicables a CANET.<\/p>\n\n\n\n<p><strong>Como seguidor\/a en RRSS:<\/strong>&nbsp;los datos facilitados por seguidores\/as en la red social en la que CANET tenga perfil abierto ser\u00e1n utilizados para informar de nuestras actividades y productos e interactuar con los interesados.&nbsp;La comunicaci\u00f3n se mantendr\u00e1 siempre en el marco de la red social elegida,&nbsp;de acuerdo con sus t\u00e9rminos y condiciones que son ajenas a nosotros, en base al consentimiento de los seguidores\/as.<\/p>\n\n\n\n<p><strong>Cookies:<\/strong>&nbsp;esta p\u00e1gina web utiliza cookies a trav\u00e9s de las que se tratan datos personales de los usuarios, cuando estos hayan prestado su consentimiento, en las condiciones que se indican en nuestra&nbsp;<a href=\"https:\/\/basquebeer.com\/politica-de-cookies\/\" target=\"_blank\" rel=\"noopener\">Pol\u00edtica de cookies<\/a>. El tratamiento se legitima en base al art. 22.2 de la Ley 34\/2002 (LSSI), de servicios de la sociedad de la informaci\u00f3n y de comercio electr\u00f3nico, en conexi\u00f3n con el consentimiento del usuario.<\/p>\n\n\n\n<p>La comunicaci\u00f3n de los datos personales del usuario es un requisito necesario para formalizar las relaciones contractuales indicadas y el cumplimiento de obligaciones legales. Por otra parte, si el usuario no nos comunica sus datos no podremos atender sus solicitudes ni mantener comunicaciones.<\/p>\n\n\n\n<h2 class=\"wp-block-heading\"><strong>Plazos de conservaci\u00f3n de los datos<\/strong><\/h2>\n\n\n\n<p>Los datos que el usuario haya facilitado para realizar consultas y solicitudes se conservar\u00e1n el tiempo necesario para su atenci\u00f3n y seguimiento.<\/p>\n\n\n\n<p>Los datos facilitados para prestaciones contractuales como el env\u00edo del newsletter, el registro como usuario y la realizaci\u00f3n de pedidos se conservar\u00e1n el tiempo necesario para su ejecuci\u00f3n y durante los plazos legales aplicables.<\/p>\n\n\n\n<p>En el caso de usuarios de redes sociales, los datos se podr\u00e1n tratar mientras la persona interesada sea seguidora de CANET.<\/p>\n\n\n\n<p>En la Pol\u00edtica de cookies se informa del per\u00edodo de tiempo durante el que se tratan los datos recabados a trav\u00e9s de las cookies.<\/p>\n\n\n\n<h2 class=\"wp-block-heading\"><strong>Destinatarios de los datos<\/strong><\/h2>\n\n\n\n<p>Los datos de las personas que realicen pedidos ser\u00e1n comunicados a los operadores log\u00edsticos encargados de la entrega y a la administraci\u00f3n tributaria en caso de obligaci\u00f3n legal.<\/p>\n\n\n\n<p>Por otra parte, podr\u00e1n acceder a los datos personales de los usuarios aquellos proveedores de servicios contratados por CANET, exclusivamente para la adecuada prestaci\u00f3n de dichos servicios, como el proveedor de hosting de la p\u00e1gina web, los proveedores de servicios de pago en l\u00ednea (Redsys Banco de Sabadell y PayPal) y nuestra asesor\u00eda contable\/fiscal.<\/p>\n\n\n\n<h2 class=\"wp-block-heading\"><strong>Transferencia internacional de datos<\/strong><\/h2>\n\n\n\n<p>Realizamos el env\u00edo del newsletter a trav\u00e9s de Mailchimp, gestor de emailing operado por la empresa estadounidense The Rocket Science Group, LLC, lo que conlleva la transferencia internacional de los datos necesarios de los destinatarios. Conforme se detalla en la pol\u00edtica de privacidad de Mailchimp (<a href=\"https:\/\/mailchimp.com\/legal\/privacy\/\" target=\"_blank\" rel=\"noopener\">https:\/\/mailchimp.com\/legal\/privacy\/<\/a>), el citado proveedor ha adoptado cl\u00e1usulas contractuales tipo de protecci\u00f3n de datos, aprobadas por la Comisi\u00f3n Europea, como garant\u00eda adecuada prevista en el RGPD para habilitar la transferencia internacional de datos descrita.<\/p>\n\n\n\n<h2 class=\"wp-block-heading\"><strong>Ejercicio de derechos<\/strong><\/h2>\n\n\n\n<p>Mediante escrito dirigido a nuestra direcci\u00f3n postal o electr\u00f3nica anteriormente citadas, el interesado puede ejercitar en relaci\u00f3n con sus datos personales los siguientes derechos, en los casos y bajo las condiciones previstas en el RGPD:<\/p>\n\n\n\n<ul class=\"wp-block-list\">\n<li>Derecho de acceso: para conocer si sus datos est\u00e1n siendo tratados o no.<\/li>\n\n\n\n<li>Derecho de rectificaci\u00f3n: para rectificar los datos inexactos.<\/li>\n\n\n\n<li>Derecho de supresi\u00f3n: para que cese su tratamiento cuando, entre otros motivos, ya no sean necesarios para los fines para los que fueron recogidos.<\/li>\n\n\n\n<li>Derecho de oposici\u00f3n: para que dejen de tratarse en circunstancias concretas.<\/li>\n\n\n\n<li>Derecho a la limitaci\u00f3n del tratamiento: para limitar el alcance de su tratamiento en determinados casos, pero asegurando su conservaci\u00f3n.<\/li>\n\n\n\n<li>Derecho a no ser objeto de decisiones individuales automatizadas con efectos jur\u00eddicos sobre \u00e9l.<\/li>\n\n\n\n<li>Derecho a la portabilidad de los datos: para recibir los datos previamente facilitados o solicitar su env\u00edo a un tercero.<\/li>\n\n\n\n<li>Derecho a revocar en cualquier momento el consentimiento previamente otorgado.<\/li>\n<\/ul>\n\n\n\n<p>Para ello, podr\u00e1 utilizar los modelos disponibles en la p\u00e1gina web de la Agencia Espa\u00f1ola de Protecci\u00f3n de Datos (<a href=\"https:\/\/www.aepd.es\/es\/derechos-y-deberes\/conoce-tus-derechos\" target=\"_blank\" rel=\"noopener\">https:\/\/www.aepd.es\/es\/derechos-y-deberes\/conoce-tus-derechos<\/a>).<\/p>\n\n\n\n<p>De igual modo, el interesado tendr\u00e1 derecho a presentar una reclamaci\u00f3n ante la Agencia Espa\u00f1ola de Protecci\u00f3n de Datos, especialmente cuando no haya obtenido satisfacci\u00f3n en el ejercicio de sus derechos, mediante escrito dirigido a la siguiente direcci\u00f3n postal: C\/Jorge Juan, 6, 28001 \u2013 Madrid, o a trav\u00e9s de su sede electr\u00f3nica (<a href=\"https:\/\/www.aepd.es\/\" target=\"_blank\" rel=\"noopener\">https:\/\/www.aepd.es<\/a>).<\/p>\n\n\n\n<p><strong>\u00daltima actualizaci\u00f3n: 21\/10\/2023<\/strong><\/p>\n\n\n\n<div style=\"height:71px\" aria-hidden=\"true\" class=\"wp-block-spacer\"><\/div>\n","protected":false},"excerpt":{"rendered":"<p>POL\u00cdTICA DE PRIVACIDAD De conformidad con lo establecido en el Reglamento (UE) 2016\/679 del Parlamento Europeo y del Consejo, de 27 de abril de 2016, relativo a la protecci\u00f3n de [&hellip;]<\/p>\n","protected":false},"author":1,"featured_media":0,"parent":0,"menu_order":0,"comment_status":"closed","ping_status":"closed","template":"","meta":{"footnotes":""},"class_list":["post-2103","page","type-page","status-publish","hentry"],"_links":{"self":[{"href":"https:\/\/canetdrinks.es\/ca\/wp-json\/wp\/v2\/pages\/2103","targetHints":{"allow":["GET"]}}],"collection":[{"href":"https:\/\/canetdrinks.es\/ca\/wp-json\/wp\/v2\/pages"}],"about":[{"href":"https:\/\/canetdrinks.es\/ca\/wp-json\/wp\/v2\/types\/page"}],"author":[{"embeddable":true,"href":"https:\/\/canetdrinks.es\/ca\/wp-json\/wp\/v2\/users\/1"}],"replies":[{"embeddable":true,"href":"https:\/\/canetdrinks.es\/ca\/wp-json\/wp\/v2\/comments?post=2103"}],"version-history":[{"count":1,"href":"https:\/\/canetdrinks.es\/ca\/wp-json\/wp\/v2\/pages\/2103\/revisions"}],"predecessor-version":[{"id":2105,"href":"https:\/\/canetdrinks.es\/ca\/wp-json\/wp\/v2\/pages\/2103\/revisions\/2105"}],"wp:attachment":[{"href":"https:\/\/canetdrinks.es\/ca\/wp-json\/wp\/v2\/media?parent=2103"}],"curies":[{"name":"wp","href":"https:\/\/api.w.org\/{rel}","templated":true}]}}