{"id":2096,"date":"2023-10-25T11:49:45","date_gmt":"2023-10-25T09:49:45","guid":{"rendered":"https:\/\/develop.genium.click\/canetbrewing\/?page_id=2096"},"modified":"2023-10-25T11:49:46","modified_gmt":"2023-10-25T09:49:46","slug":"avis-legal","status":"publish","type":"page","link":"https:\/\/canetdrinks.es\/ca\/avis-legal\/","title":{"rendered":"Av\u00eds legal"},"content":{"rendered":"\n<div style=\"height:13px\" aria-hidden=\"true\" class=\"wp-block-spacer\"><\/div>\n\n\n\n<h1 class=\"wp-block-heading\">Aviso legal<\/h1>\n\n\n\n<div style=\"height:13px\" aria-hidden=\"true\" class=\"wp-block-spacer\"><\/div>\n\n\n\n<h2 class=\"wp-block-heading\"><strong>1. Informaci\u00f3n legal<\/strong><\/h2>\n\n\n\n<p>En cumplimiento del deber de informaci\u00f3n establecido en el art\u00edculo 10 de la Ley 34\/2002, de 11 de julio, de Servicios de la Sociedad de la Informaci\u00f3n y de Comercio Electr\u00f3nico, le comunicamos que canetdrinks.es es un dominio del que es titular&nbsp;CANET DRINKS, S.L.&nbsp;(en adelante, CANET o nosotros).<\/p>\n\n\n\n<p>Nuestros datos identificativos y de contacto son los siguientes:<\/p>\n\n\n\n<ul class=\"wp-block-list\">\n<li><strong>Titular<\/strong>:&nbsp;CANET DRINKS, S.L.<\/li>\n\n\n\n<li><strong>Domicilio social<\/strong>:&nbsp;&lt;&gt;, Canet de Mar \u2013 Barcelona (Espa\u00f1a)<\/li>\n<\/ul>\n\n\n\n<ul class=\"wp-block-list\">\n<li><strong>NIF<\/strong>: &lt;&gt;<\/li>\n\n\n\n<li><strong>E-mail<\/strong>:&nbsp;biz@canetdrinks.es<\/li>\n\n\n\n<li><strong>Datos registrales:<\/strong> inscrita en el Registro Mercantil de &lt;&gt;, al Tomo &lt;&gt;, Folio &lt;&gt;, Hoja SS-&lt;&gt;, inscripci\u00f3n &lt;&gt;.<\/li>\n<\/ul>\n\n\n\n<h2 class=\"wp-block-heading\"><strong>2. Objeto y \u00e1mbito de aplicaci\u00f3n<\/strong><\/h2>\n\n\n\n<p>2.1.- Mediante este Aviso Legal se establecen las condiciones generales de uso que regulan el acceso, navegaci\u00f3n y uso de la p\u00e1gina web www.canetdrinks.es (en adelante, SITIO WEB), as\u00ed como las responsabilidades derivadas de la utilizaci\u00f3n de sus contenidos. Adicionalmente, la realizaci\u00f3n de pedidos de productos a trav\u00e9s del SITIO WEB quedar\u00e1 asimismo sometida a las condiciones generales de compra disponibles en el mismo y, en su caso, a las condiciones particulares que pudieran establecerse y que sustituyan, complementen y\/o modifiquen las condiciones generales de uso de este Aviso Legal.<\/p>\n\n\n\n<p>2.2.- Este SITIO WEB es un servicio que ponemos a disposici\u00f3n de los usuarios de Internet con finalidad informativa acerca de nuestra actividad como cerveceros artesanos, nuestra gama de cervezas y la posibilidad de acercarte a nuestra f\u00e1brica para degustar las cervezas, as\u00ed como para realizar pedidos online de cerveza y art\u00edculos de merchandising y establecer un canal de comunicaci\u00f3n con las personas interesadas. En cualquier momento podemos introducir modificaciones en el dise\u00f1o, configuraci\u00f3n y contenidos del SITIO WEB.<\/p>\n\n\n\n<p>2.3.- El acceso y uso de este SITIO WEB atribuye al visitante la condici\u00f3n de usuario (en adelante, USUARIO) e implica su aceptaci\u00f3n de forma plena y sin reservas, desde dicho acceso y\/o uso, de todas y cada una de las condiciones de uso que se incluyan en este Aviso Legal, en la versi\u00f3n publicada en el momento en que acceda al mismo. En este sentido, se entender\u00e1 por USUARIO a la persona que acceda, navegue, utilice o participe en los servicios y actividades desarrolladas en el SITIO WEB.<\/p>\n\n\n\n<p>2.4.- El USUARIO se obliga a hacer un uso correcto del SITIO WEB, de conformidad con las leyes aplicables, la buena fe, el orden p\u00fablico, los usos del tr\u00e1fico y el presente Aviso Legal, respondiendo frente a CANET y frente a terceros de cualesquiera da\u00f1os y perjuicios que pudieran causarse como consecuencia del incumplimiento de dicha obligaci\u00f3n.<\/p>\n\n\n\n<h2 class=\"wp-block-heading\"><strong>3. Acceso y utilizaci\u00f3n del Sitio Web<\/strong><\/h2>\n\n\n\n<p>3.1.- El acceso a este SITIO WEB es libre y gratuito, salvo en lo relativo al coste de conexi\u00f3n de la red de telecomunicaciones suministrada por el operador contratado por cada USUARIO.<\/p>\n\n\n\n<p>3.2.- El USUARIO asume la responsabilidad del uso del SITIO WEB. Dicha responsabilidad se extiende al uso de credenciales que, en su caso, fuese necesario para acceder a determinados servicios o contenidos.<\/p>\n\n\n\n<p>El USUARIO se compromete a hacer un uso adecuado, diligente y l\u00edcito de los contenidos y servicios que ofrecemos a trav\u00e9s del SITIO WEB, lo que conlleva, con car\u00e1cter enunciativo pero no limitativo, no emplearlos para:<\/p>\n\n\n\n<ol class=\"wp-block-list\">\n<li>Utilizar identidades falsas, o suplantar la identidad de otros usuarios en la utilizaci\u00f3n del SITIO WEB o de sus servicios.<\/li>\n\n\n\n<li>Difundir contenidos o propaganda de car\u00e1cter racista, xen\u00f3fobo, pornogr\u00e1fico, de apolog\u00eda del terrorismo o atentatorio contra los derechos humanos.<\/li>\n\n\n\n<li>Provocar da\u00f1os en nuestros sistemas f\u00edsicos y l\u00f3gicos, de nuestros proveedores o de terceras personas, introducir en la red virus inform\u00e1ticos o cualesquiera otros sistemas f\u00edsicos y l\u00f3gicos que sean susceptibles de provocar los citados da\u00f1os.<\/li>\n\n\n\n<li>Intentar acceder y, en su caso, utilizar las cuentas de correo electr\u00f3nico de otros usuarios y modificar o manipular sus mensajes.<\/li>\n\n\n\n<li>Reproducir, copiar, distribuir, poner a disposici\u00f3n o de cualquier otra forma comunicar p\u00fablicamente, transformar o modificar los contenidos del SITIO WEB, con fines comerciales, en cualquier soporte y por cualquier medio t\u00e9cnico, sin la autorizaci\u00f3n previa y expresa del titular de los correspondientes derechos.<\/li>\n\n\n\n<li>Introducir o incorporar como una actividad empresarial o profesional propia los contenidos y\/o servicios presentados en este SITIO WEB.<\/li>\n\n\n\n<li>Vulnerar cualesquiera derechos de propiedad intelectual o industrial derivados de los contenidos del SITIO WEB.<\/li>\n\n\n\n<li>Utilizar este SITIO WEB, o los contenidos y\/o servicios en el obtenidos, para incurrir en actividades contrarias a la ley, a la buena fe o al orden p\u00fablico.<\/li>\n<\/ol>\n\n\n\n<p>3.3.- Nos reservamos el derecho a interrumpir en cualquier momento y sin previo aviso el acceso al SITIO WEB, as\u00ed como a interrumpir la prestaci\u00f3n de cualquiera o de todos los servicios que se prestan a trav\u00e9s de este, ya sea por motivos t\u00e9cnicos, de seguridad, o por cualquier otra causa.<\/p>\n\n\n\n<h2 class=\"wp-block-heading\"><strong>4. Protecci\u00f3n de datos personales<\/strong><\/h2>\n\n\n\n<p>4.1.- Nos comprometemos al tratamiento de los datos personales de manera respetuosa con los derechos de sus titulares, y de conformidad con la normativa de protecci\u00f3n de datos que se encuentre en vigor en cada momento.<\/p>\n\n\n\n<p>4.2.- En cada formulario de recogida de datos existente en el SITIO WEB se pone a disposici\u00f3n permanente del USUARIO una informaci\u00f3n b\u00e1sica de protecci\u00f3n de datos, relativa a la identificaci\u00f3n del responsable del tratamiento, los fines del tratamiento y los derechos susceptibles de ejercicio por el interesado, as\u00ed como un enlace a informaci\u00f3n adicional y detallada de protecci\u00f3n de datos incluida en la pol\u00edtica de privacidad del SITIO WEB.&nbsp;El contenido de dicha pol\u00edtica de privacidad podr\u00e1 ser objeto de modificaci\u00f3n para adaptarlo a cambios legislativos que puedan producirse, as\u00ed como a criterios y posiciones emitidas por las autoridades de control.<\/p>\n\n\n\n<p>4.3.- En caso de que el USUARIO cumplimente voluntariamente cualquiera de los formularios online de recogida de datos disponibles en el SITIO WEB, se compromete a proporcionar datos exactos y veraces, as\u00ed como a comunicarnos cualquier modificaci\u00f3n de estos. Salvo en caso de indicarse expresamente lo contrario, los datos solicitados en los formularios disponibles son necesarios para poder dar curso a su solicitud.<\/p>\n\n\n\n<p>4.4.- Si un USUARIO facilitara datos personales de terceros, se obliga a cumplir, en relaci\u00f3n con dicha comunicaci\u00f3n, cuantas obligaciones le fueran de aplicaci\u00f3n y que derivasen de la normativa de protecci\u00f3n de datos en vigor, y en particular los deberes de licitud del tratamiento y el deber de transparencia respecto del titular de los datos personales con relaci\u00f3n a la comunicaci\u00f3n de estos a nosotros, exoner\u00e1ndonos y manteni\u00e9ndonos indemnes de cualquier responsabilidad.<\/p>\n\n\n\n<p>4.5.- No se permite que los menores de 14 a\u00f1os faciliten sus datos personales a trav\u00e9s del SITIO WEB, siendo necesaria la previa autorizaci\u00f3n expresa de sus padres o tutores. En todo caso, este SITIO WEB no se dirige a menores de edad.<\/p>\n\n\n\n<h2 class=\"wp-block-heading\"><strong>5. Propiedad intelectual e industrial<\/strong><\/h2>\n\n\n\n<p>5.1.- Somos titulares, por nosotros o como cesionarios, de todos los derechos de propiedad intelectual e industrial de este SITIO WEB, as\u00ed como de los elementos contenidos en el mismo (a t\u00edtulo enunciativo, im\u00e1genes, sonido, audio, video, software o textos; marcas o logotipos, combinaciones de colores, estructura y dise\u00f1o, selecci\u00f3n de materiales usados, programas de ordenador necesarios para su funcionamiento, acceso y uso, etc.), titularidad nuestra o de nuestros licenciantes. Todos los derechos reservados.<\/p>\n\n\n\n<p>5.2.- Quedan expresamente prohibidas la reproducci\u00f3n, la distribuci\u00f3n, la transformaci\u00f3n y la comunicaci\u00f3n p\u00fablica, incluida su modalidad de puesta a disposici\u00f3n, de la totalidad o parte de los contenidos del SITIO WEB con fines comerciales, en cualquier soporte y por cualquier medio t\u00e9cnico, sin nuestra autorizaci\u00f3n previa y expresa.<\/p>\n\n\n\n<p>5.3.- El USUARIO se compromete a respetar los derechos de propiedad intelectual e industrial de nuestra titularidad y\/o de terceros. Podr\u00e1 visualizar los elementos del SITIO WEB e incluso imprimirlos, copiarlos y almacenarlos en el disco duro de su ordenador o en cualquier otro soporte f\u00edsico, siempre y cuando sea, \u00fanica y exclusivamente, para su uso personal y privado. El USUARIO deber\u00e1 abstenerse de suprimir, alterar, eludir o manipular cualquier dispositivo de protecci\u00f3n o sistema de seguridad que estuviera instalado en el SITIO WEB.<\/p>\n\n\n\n<p><strong>6. Exclusi\u00f3n de garant\u00edas y responsabilidad<\/strong><\/p>\n\n\n\n<p>6.1.- El contenido de este SITIO WEB tiene, entre otras, finalidad informativa y de posibilitar la realizaci\u00f3n de pedidos de cerveza y art\u00edculos de merchandising, as\u00ed como la creaci\u00f3n de un canal de comunicaci\u00f3n con los USUARIOS. No garantizamos plenamente el acceso a todos los contenidos, ni su exhaustividad, correcci\u00f3n, vigencia o actualidad, ni su idoneidad o utilidad para un objetivo espec\u00edfico. Igualmente, excluimos, hasta donde permita la ley, cualquier responsabilidad por los da\u00f1os y perjuicios de toda naturaleza derivados de, a t\u00edtulo enunciativo y no limitativo: errores u omisiones en los contenidos, falta de disponibilidad del SITIO WEB o la transmisi\u00f3n de virus o programas maliciosos o lesivos en los contenidos. No obstante, informamos de que hemos adoptado medidas t\u00e9cnicas, dentro de nuestras posibilidades y del estado de la tecnolog\u00eda, para garantizar el funcionamiento del SITIO WEB y evitar la existencia y transmisi\u00f3n de virus y dem\u00e1s componentes da\u00f1inos a los USUARIOS.<\/p>\n\n\n\n<p>6.2.- No nos hacemos responsables por la utilizaci\u00f3n que el USUARIO realice de los servicios y contenidos del SITIO WEB, ni de las opiniones vertidas por los USUARIOS a trav\u00e9s de cualesquiera foros disponibles. El USUARIO reconoce y acepta que la utilizaci\u00f3n del SITIO WEB, as\u00ed como de sus servicios y contenidos, se realiza bajo su exclusivo riesgo y responsabilidad.<\/p>\n\n\n\n<p>6.3.- El USUARIO ser\u00e1 \u00fanico responsable de las aportaciones y comentarios que realice en este SITIO WEB, en caso de habilitar espacios disponibles a tal fin, reserv\u00e1ndonos el derecho de retirar del mismo aquellos que, a nuestro criterio, consideremos no apropiados para su publicaci\u00f3n.<\/p>\n\n\n\n<h2 class=\"wp-block-heading\"><strong>7. Enlaces<\/strong><\/h2>\n\n\n\n<p>7.1.- En el caso de que en el SITIO WEB se dispusiesen enlaces o hiperv\u00ednculos hacia otros sitios de Internet, no ejerceremos ning\u00fan control sobre dichos sitios y contenidos. En ning\u00fan caso asumiremos responsabilidad alguna por los contenidos de los sitios web ajenos enlazados, ni garantizaremos la disponibilidad t\u00e9cnica, calidad, fiabilidad, exactitud, amplitud, veracidad, legalidad o validez de cualquier material o informaci\u00f3n contenida en ninguno de dichos hiperv\u00ednculos u otros sitios de Internet. En este sentido, si los USUARIOS tuvieran conocimiento efectivo de la ilicitud de actividades desarrolladas a trav\u00e9s de estas p\u00e1ginas web de terceros enlazadas, deber\u00e1n comunic\u00e1rnoslo inmediatamente a los efectos de que procedamos a deshabilitar el enlace de acceso a las mismas.<\/p>\n\n\n\n<p>7.2.- Igualmente, la inclusi\u00f3n de cualquier tipo de enlace por nuestra parte a otros sitios de Internet no implicar\u00e1 que exista ning\u00fan tipo de relaci\u00f3n, asociaci\u00f3n, colaboraci\u00f3n o dependencia entre nosotros y el titular del sitio web ajeno.<\/p>\n\n\n\n<h2 class=\"wp-block-heading\"><strong>8. Derecho de exclusi\u00f3n<\/strong><\/h2>\n\n\n\n<p>Nos reservamos el derecho a denegar o retirar el acceso al SITIO WEB y\/o a los contenidos y servicios ofrecidos en el mismo, sin necesidad de preaviso, a aquellos USUARIOS que incumplan las presentes condiciones generales de uso o las particulares que pudieran establecerse.<\/p>\n\n\n\n<h2 class=\"wp-block-heading\"><strong>9. Generalidades<\/strong><\/h2>\n\n\n\n<p>9.1.- En caso de existir discrepancia entre lo establecido en estas condiciones generales de uso y las condiciones generales de compra o las condiciones particulares que, en su caso, se establezcan para servicios espec\u00edficos, prevalecer\u00e1 lo dispuesto en las segundas.<\/p>\n\n\n\n<p>9.2.- Si cualquier disposici\u00f3n o contenido de este Aviso Legal fuera declarado nulo o inaplicable, en todo o en parte, mediante resoluci\u00f3n firme por un Juzgado o Tribunal competente, dicha nulidad o inaplicaci\u00f3n no afectar\u00e1 a las restantes disposiciones del Aviso Legal, que conservar\u00e1n su validez a todos los efectos.<\/p>\n\n\n\n<p>9.3.- El no ejercicio o ejecuci\u00f3n por nuestra parte de cualquier derecho o disposici\u00f3n contenida en estas condiciones generales de uso no constituir\u00e1 una renuncia al mismo, salvo con nuestro reconocimiento y acuerdo formulado por escrito.<\/p>\n\n\n\n<p>9.4.- Podremos modificar en todo o en parte y en cualquier momento las condiciones aqu\u00ed determinadas, y dichas modificaciones tendr\u00e1n vigencia desde el mismo momento de su publicaci\u00f3n en el SITIO WEB.<\/p>\n\n\n\n<h2 class=\"wp-block-heading\"><strong>10. Ley aplicable y jurisdicci\u00f3n<\/strong><\/h2>\n\n\n\n<p>10.1.- La ley aplicable en caso de disputa o conflicto de interpretaci\u00f3n de los t\u00e9rminos que conforman este Aviso Legal, as\u00ed como cualquier cuesti\u00f3n relacionada con los servicios del SITIO WEB, ser\u00e1 la ley espa\u00f1ola.&nbsp;Lo anterior no privar\u00e1 al USUARIO no residente en territorio espa\u00f1ol de la protecci\u00f3n conferida por las disposiciones imperativas de su pa\u00eds de residencia habitual.<\/p>\n\n\n\n<p>10.2.- Para la resoluci\u00f3n de cualquier conflicto que pudiera surgir con ocasi\u00f3n de la visita al SITIO WEB o del uso de los servicios que en \u00e9l se ofrecen, ambas partes acuerdan someterse a los Juzgados y Tribunales competentes del domicilio del USUARIO,&nbsp;siempre que el mismo act\u00fae como consumidor o usuario. En caso contrario, la sumisi\u00f3n ser\u00e1 a los Juzgados y Tribunales competentes de Matar\u00f3 (Barcelona \u2013 Espa\u00f1a).<\/p>\n\n\n\n<p><strong>\u00daltima actualizaci\u00f3n: 21\/10\/2023<\/strong><\/p>\n\n\n\n<div style=\"height:77px\" aria-hidden=\"true\" class=\"wp-block-spacer\"><\/div>\n","protected":false},"excerpt":{"rendered":"<p>Aviso legal 1. Informaci\u00f3n legal En cumplimiento del deber de informaci\u00f3n establecido en el art\u00edculo 10 de la Ley 34\/2002, de 11 de julio, de Servicios de la Sociedad de [&hellip;]<\/p>\n","protected":false},"author":1,"featured_media":0,"parent":0,"menu_order":0,"comment_status":"closed","ping_status":"closed","template":"","meta":{"footnotes":""},"class_list":["post-2096","page","type-page","status-publish","hentry"],"_links":{"self":[{"href":"https:\/\/canetdrinks.es\/ca\/wp-json\/wp\/v2\/pages\/2096","targetHints":{"allow":["GET"]}}],"collection":[{"href":"https:\/\/canetdrinks.es\/ca\/wp-json\/wp\/v2\/pages"}],"about":[{"href":"https:\/\/canetdrinks.es\/ca\/wp-json\/wp\/v2\/types\/page"}],"author":[{"embeddable":true,"href":"https:\/\/canetdrinks.es\/ca\/wp-json\/wp\/v2\/users\/1"}],"replies":[{"embeddable":true,"href":"https:\/\/canetdrinks.es\/ca\/wp-json\/wp\/v2\/comments?post=2096"}],"version-history":[{"count":1,"href":"https:\/\/canetdrinks.es\/ca\/wp-json\/wp\/v2\/pages\/2096\/revisions"}],"predecessor-version":[{"id":2098,"href":"https:\/\/canetdrinks.es\/ca\/wp-json\/wp\/v2\/pages\/2096\/revisions\/2098"}],"wp:attachment":[{"href":"https:\/\/canetdrinks.es\/ca\/wp-json\/wp\/v2\/media?parent=2096"}],"curies":[{"name":"wp","href":"https:\/\/api.w.org\/{rel}","templated":true}]}}